{"id":12251,"date":"2018-04-27T08:12:52","date_gmt":"2018-04-27T12:12:52","guid":{"rendered":"https:\/\/myovo.ca\/?page_id=12251"},"modified":"2025-10-17T10:11:23","modified_gmt":"2025-10-17T14:11:23","slug":"garantie","status":"publish","type":"page","link":"https:\/\/myovo.ca\/fr\/garantie\/","title":{"rendered":"Garantie"},"content":{"rendered":"<p><div class=\"fusion-fullwidth fullwidth-box fusion-builder-row-1 nonhundred-percent-fullwidth non-hundred-percent-height-scrolling\" style=\"--awb-border-radius-top-left:0px;--awb-border-radius-top-right:0px;--awb-border-radius-bottom-right:0px;--awb-border-radius-bottom-left:0px;--awb-padding-top:0px;--awb-padding-bottom:0px;--awb-margin-top:0px;--awb-margin-bottom:0px;--awb-background-color:#ffffff;--awb-flex-wrap:wrap;\" ><div class=\"fusion-builder-row fusion-row\"><div class=\"fusion-layout-column fusion_builder_column fusion-builder-column-0 fusion_builder_column_1_1 1_1 fusion-one-full fusion-column-first fusion-column-last\" style=\"--awb-bg-size:cover;\"><div class=\"fusion-column-wrapper fusion-flex-column-wrapper-legacy\"><div class=\"fusion-text fusion-text-1\"><div class=\"fusion-layout-column fusion_builder_column fusion_builder_column_4_5 fusion-builder-column-2 fusion-four-fifth fusion-column-last 4_5\">\n<div class=\"fusion-column-wrapper\" data-bg-url=\"\">\n<div class=\"fusion-text\">\n<h1 data-fontsize=\"48\" data-lineheight=\"69\">GARANTIE<\/h1>\n<\/div>\n<div class=\"fusion-clearfix\">\n<hr \/>\n<p>La garantie OVO sur le syst\u00e8me d\u2019aspiration centralis\u00e9e et l\u2019unit\u00e9 motrice est valide uniquement pour l\u2019acheteur original et est non transf\u00e9rable. La garantie ci-dessous couvre uniquement les pi\u00e8ces et comprend une garantie d\u2019un (1) an sur la main-d\u2019\u0153uvre.<br \/>\nL\u2019utilisation d\u2019une alimentation \u00e9lectrique autre que celle prescrite sur l\u2019appareil et\/ou toute r\u00e9paration effectu\u00e9e par une personne non autoris\u00e9e rendra cette garantie nulle et sans effet.<br \/>\nLa garantie sera \u00e9galement nulle et sans effet si le syst\u00e8me et\/ou ses accessoires ont \u00e9t\u00e9 utilis\u00e9s sur des surfaces mouill\u00e9es.<br \/>\nCette garantie s\u2019applique <strong>uniquement \u00e0 une utilisation r\u00e9sidentielle<\/strong> ; elle ne couvre pas l\u2019usage commercial ou industriel du produit.<br \/>\nLe fabricant n\u2019est pas responsable des frais de transport.<br \/>\nLa preuve d\u2019achat est obligatoire, ainsi que la facture de l\u2019installation effectu\u00e9e par un \u00e9lectricien qualifi\u00e9.<\/p>\n<h3>Moteur et module de l\u2019unit\u00e9 motrice d\u2019aspiration centrale \u2013 Dix (10) ans<\/h3>\n<p>OVO r\u00e9parera ou remplacera tout moteur ou module \u00e9lectronique d\u00e9fectueux de l\u2019unit\u00e9 motrice d\u2019aspiration centrale pendant les dix (10) premi\u00e8res ann\u00e9es suivant la date d\u2019achat, si le produit est utilis\u00e9 dans des conditions normales et correctement entretenu, conform\u00e9ment au manuel d\u2019instructions de l\u2019unit\u00e9 motrice.*\u00b9<\/p>\n<p><strong>Certaines conditions s\u2019appliquent :<\/strong><br \/>\nLe filtre permanent doit \u00eatre nettoy\u00e9 ou remplac\u00e9 chaque fois que le bac \u00e0 poussi\u00e8re est vid\u00e9 ou apr\u00e8s trois (3) changements de sacs jetables. Cela aide \u00e0 \u00e9viter l\u2019accumulation de d\u00e9bris sur le filtre, prot\u00e8ge le compartiment moteur et assure le maintien de la garantie.<\/p>\n<p>*\u00b9 La garantie sur le module \u00e9lectronique intelligent est de un (1) an seulement.<\/p>\n<hr \/>\n<h3>Outils de nettoyage, brosses \u00e0 tapis et boyaux flexibles \u2013 Deux (2) ans<\/h3>\n<p>Les outils de nettoyage, les brosses \u00e0 tapis et les boyaux flexibles, utilis\u00e9s de mani\u00e8re ad\u00e9quate et dans des conditions normales, sont garantis pendant deux (2) ans \u00e0 compter de la date d\u2019achat originale contre tout d\u00e9faut de fabrication.<br \/>\nLa garantie ne couvre pas l\u2019usure normale des poils, turbines, lampes, courroies, balais de carbone et roulements de la brosse \u00e9lectrique.*\u00b2<\/p>\n<p><strong>Certaines conditions s\u2019appliquent :<\/strong><br \/>\nLa garantie ne couvre pas l\u2019usure normale des poils, turbines, lampes, courroies, balais de carbone et roulements de la turbo-brosse et de la brosse \u00e9lectrique. Elle ne couvre pas non plus les tubes t\u00e9lescopiques et les interrupteurs.<\/p>\n<p>*\u00b2 La garantie sur le kit d\u2019accessoires de garage est de un (1) an seulement.<\/p>\n<hr \/>\n<h3>Hottes de cuisine \u2013 Deux (2) ans<\/h3>\n<p>OVO r\u00e9parera ou remplacera tout moteur ou module \u00e9lectronique d\u00e9fectueux de la hotte de cuisine pendant les deux (2) premi\u00e8res ann\u00e9es suivant la date d\u2019achat, si le produit est utilis\u00e9 dans des conditions normales et correctement entretenu, conform\u00e9ment au manuel d\u2019instructions.<\/p>\n<\/div>\n<\/div>\n<\/div>\n<\/div><div class=\"fusion-button-wrapper\"><a class=\"fusion-button button-flat fusion-button-default-size button-default fusion-button-default button-1 fusion-button-default-span fusion-button-default-type\" target=\"_self\" href=\"https:\/\/myovo.ca\/fr\/garantie-prolongee-de-10-ans\/\"><span class=\"fusion-button-text awb-button__text awb-button__text--default\">ENREGISTREZ VOTRE PRODUIT<\/span><\/a><\/div><div class=\"fusion-clearfix\"><\/div><\/div><\/div><div class=\"fusion-layout-column fusion_builder_column fusion-builder-column-1 fusion_builder_column_1_1 1_1 fusion-one-full fusion-column-first fusion-column-last\" style=\"--awb-bg-size:cover;\"><div class=\"fusion-column-wrapper fusion-flex-column-wrapper-legacy\"><div class=\"fusion-text fusion-text-2\"><h1 data-start=\"62\" data-end=\"138\">Clause de conformit\u00e9 \u2013 Loi sur la protection du consommateur du Qu\u00e9bec<\/h1>\n<p data-start=\"139\" data-end=\"158\"><strong data-start=\"139\" data-end=\"158\">Garantie l\u00e9gale<\/strong><\/p>\n<p data-start=\"160\" data-end=\"606\">En vertu de la <strong data-start=\"175\" data-end=\"226\">Loi sur la protection du consommateur du Qu\u00e9bec<\/strong>, le produit que vous avez achet\u00e9 est couvert par une <strong data-start=\"280\" data-end=\"299\">garantie l\u00e9gale<\/strong>.<br data-start=\"300\" data-end=\"303\" \/>Cette garantie assure que le produit peut \u00eatre utilis\u00e9 \u00e0 des fins normales pendant une p\u00e9riode raisonnable, compte tenu du prix pay\u00e9, de l\u2019usage auquel il est destin\u00e9 et des conditions d\u2019utilisation, et ce m\u00eame si aucune garantie suppl\u00e9mentaire n\u2019est offerte ou si la garantie contractuelle est expir\u00e9e.<\/p>\n<hr data-start=\"608\" data-end=\"611\" \/>\n<h3 data-start=\"613\" data-end=\"656\">Disponibilit\u00e9 des pi\u00e8ces et services *\u00b9<\/h3>\n<p data-start=\"658\" data-end=\"1134\">OVO informe le consommateur qu\u2019aucune pi\u00e8ce de rechange ni aucun service de r\u00e9paration n\u2019est disponible pour ce produit apr\u00e8s la vente.<br data-start=\"793\" data-end=\"796\" \/>Ainsi, en cas de d\u00e9faillance d\u2019une pi\u00e8ce ou si une r\u00e9paration est n\u00e9cessaire, le consommateur devra soit remplacer le produit \u00e0 ses frais, soit acheter la pi\u00e8ce n\u00e9cessaire afin d\u2019effectuer la r\u00e9paration.<br data-start=\"999\" data-end=\"1002\" \/>Cette information est divulgu\u00e9e avant l\u2019achat, conform\u00e9ment aux exigences de la <strong data-start=\"1082\" data-end=\"1133\">Loi sur la protection du consommateur du Qu\u00e9bec<\/strong>.<\/p>\n<hr data-start=\"1136\" data-end=\"1139\" \/>\n<h3 data-start=\"1141\" data-end=\"1170\">Garantie contractuelle *\u00b2<\/h3>\n<p data-start=\"1172\" data-end=\"1341\">La garantie contractuelle d\u00e9crite ci-dessus (par exemple, 10 ans sur le moteur) s\u2019ajoute \u00e0 la garantie l\u00e9gale et <strong data-start=\"1285\" data-end=\"1311\">ne limite en aucun cas<\/strong> les droits pr\u00e9vus par la loi.<\/p>\n<hr data-start=\"1343\" data-end=\"1346\" \/>\n<p data-start=\"1348\" data-end=\"1831\">*\u00b9 Pour les \u00c9tats-Unis et le reste du Canada, des pi\u00e8ces de rechange sont disponibles (sous r\u00e9serve de disponibilit\u00e9). Un service de r\u00e9paration est \u00e9galement offert dans nos centres de service.<br data-start=\"1541\" data-end=\"1544\" \/>*\u00b2 OVO offre une garantie additionnelle de 25 ans. Nous garantissons la disponibilit\u00e9 des pi\u00e8ces et fournissons la main-d\u2019\u0153uvre pour votre unit\u00e9 motrice. Si les pi\u00e8ces ne sont plus disponibles, nous remplacerons l\u2019unit\u00e9 par un mod\u00e8le \u00e9quivalent ou sup\u00e9rieur. Voir les d\u00e9tails ci-dessous.<\/p>\n<\/div><div class=\"fusion-clearfix\"><\/div><\/div><\/div><\/div><\/div><div class=\"fusion-fullwidth fullwidth-box fusion-builder-row-2 nonhundred-percent-fullwidth non-hundred-percent-height-scrolling\" style=\"--awb-border-radius-top-left:0px;--awb-border-radius-top-right:0px;--awb-border-radius-bottom-right:0px;--awb-border-radius-bottom-left:0px;--awb-padding-top:0px;--awb-padding-bottom:0px;--awb-margin-top:0px;--awb-margin-bottom:0px;--awb-background-color:#ffffff;--awb-flex-wrap:wrap;\" ><div class=\"fusion-builder-row fusion-row\"><div class=\"fusion-layout-column fusion_builder_column fusion-builder-column-2 fusion_builder_column_1_1 1_1 fusion-one-full fusion-column-first fusion-column-last\" style=\"--awb-bg-size:cover;\"><div class=\"fusion-column-wrapper fusion-flex-column-wrapper-legacy\"><div class=\"fusion-text fusion-text-3\"><div class=\"fusion-layout-column fusion_builder_column fusion_builder_column_4_5 fusion-builder-column-2 fusion-four-fifth fusion-column-last 4_5\">\n<div class=\"fusion-column-wrapper\" data-bg-url=\"\">\n<div class=\"fusion-text\">\n<h1 data-fontsize=\"48\" data-lineheight=\"69\">GARANTIE<\/h1>\n<\/div>\n<div class=\"fusion-clearfix\">\n<hr \/>\n<p>La garantie OVO sur le syst\u00e8me d\u2019aspiration centralis\u00e9e et l\u2019unit\u00e9 motrice est valide uniquement pour l\u2019acheteur original et est non transf\u00e9rable. La garantie ci-dessous couvre uniquement les pi\u00e8ces et comprend une garantie d\u2019un (1) an sur la main-d\u2019\u0153uvre.<br \/>\nL\u2019utilisation d\u2019une alimentation \u00e9lectrique autre que celle prescrite sur l\u2019appareil et\/ou toute r\u00e9paration effectu\u00e9e par une personne non autoris\u00e9e rendra cette garantie nulle et sans effet.<br \/>\nLa garantie sera \u00e9galement nulle et sans effet si le syst\u00e8me et\/ou ses accessoires ont \u00e9t\u00e9 utilis\u00e9s sur des surfaces mouill\u00e9es.<br \/>\nCette garantie s\u2019applique <strong>uniquement \u00e0 une utilisation r\u00e9sidentielle<\/strong> ; elle ne couvre pas l\u2019usage commercial ou industriel du produit.<br \/>\nLe fabricant n\u2019est pas responsable des frais de transport.<br \/>\nLa preuve d\u2019achat est obligatoire, ainsi que la facture de l\u2019installation effectu\u00e9e par un \u00e9lectricien qualifi\u00e9.<\/p>\n<h3>Moteur et module de l\u2019unit\u00e9 motrice d\u2019aspiration centrale \u2013 Dix (10) ans<\/h3>\n<p>OVO r\u00e9parera ou remplacera tout moteur ou module \u00e9lectronique d\u00e9fectueux de l\u2019unit\u00e9 motrice d\u2019aspiration centrale pendant les dix (10) premi\u00e8res ann\u00e9es suivant la date d\u2019achat, si le produit est utilis\u00e9 dans des conditions normales et correctement entretenu, conform\u00e9ment au manuel d\u2019instructions de l\u2019unit\u00e9 motrice.*\u00b9<\/p>\n<p><strong>Certaines conditions s\u2019appliquent :<\/strong><br \/>\nLe filtre permanent doit \u00eatre nettoy\u00e9 ou remplac\u00e9 chaque fois que le bac \u00e0 poussi\u00e8re est vid\u00e9 ou apr\u00e8s trois (3) changements de sacs jetables. Cela aide \u00e0 \u00e9viter l\u2019accumulation de d\u00e9bris sur le filtre, prot\u00e8ge le compartiment moteur et assure le maintien de la garantie.<\/p>\n<p>*\u00b9 La garantie sur le module \u00e9lectronique intelligent est de un (1) an seulement.<\/p>\n<hr \/>\n<h3>Outils de nettoyage, brosses \u00e0 tapis et boyaux flexibles \u2013 Deux (2) ans<\/h3>\n<p>Les outils de nettoyage, les brosses \u00e0 tapis et les boyaux flexibles, utilis\u00e9s de mani\u00e8re ad\u00e9quate et dans des conditions normales, sont garantis pendant deux (2) ans \u00e0 compter de la date d\u2019achat originale contre tout d\u00e9faut de fabrication.<br \/>\nLa garantie ne couvre pas l\u2019usure normale des poils, turbines, lampes, courroies, balais de carbone et roulements de la brosse \u00e9lectrique.*\u00b2<\/p>\n<p><strong>Certaines conditions s\u2019appliquent :<\/strong><br \/>\nLa garantie ne couvre pas l\u2019usure normale des poils, turbines, lampes, courroies, balais de carbone et roulements de la turbo-brosse et de la brosse \u00e9lectrique. Elle ne couvre pas non plus les tubes t\u00e9lescopiques et les interrupteurs.<\/p>\n<p>*\u00b2 La garantie sur le kit d\u2019accessoires de garage est de un (1) an seulement.<\/p>\n<hr \/>\n<h3>Hottes de cuisine \u2013 Deux (2) ans<\/h3>\n<p>OVO r\u00e9parera ou remplacera tout moteur ou module \u00e9lectronique d\u00e9fectueux de la hotte de cuisine pendant les deux (2) premi\u00e8res ann\u00e9es suivant la date d\u2019achat, si le produit est utilis\u00e9 dans des conditions normales et correctement entretenu, conform\u00e9ment au manuel d\u2019instructions.<\/p>\n<\/div>\n<\/div>\n<\/div>\n<\/div><div class=\"fusion-button-wrapper\"><a class=\"fusion-button button-flat fusion-button-default-size button-default fusion-button-default button-2 fusion-button-default-span fusion-button-default-type\" target=\"_self\" href=\"https:\/\/myovo.ca\/fr\/garantie-prolongee-de-10-ans\/\"><span class=\"fusion-button-text awb-button__text awb-button__text--default\">ACHETEZ LA GARANTIE \u00c0 VIE<\/span><\/a><\/div><div class=\"fusion-clearfix\"><\/div><\/div><\/div><div class=\"fusion-layout-column fusion_builder_column fusion-builder-column-3 fusion_builder_column_1_1 1_1 fusion-one-full fusion-column-first fusion-column-last\" style=\"--awb-bg-size:cover;\"><div class=\"fusion-column-wrapper fusion-flex-column-wrapper-legacy\"><div class=\"fusion-text fusion-text-4\"><h2>Garantie \u00e0 vie de 25 ans pour seulement 99,99 $<\/h2>\n<hr \/>\n<p>La <strong>garantie \u00e0 vie OVO<\/strong> sur le syst\u00e8me d\u2019aspiration centralis\u00e9e et l\u2019unit\u00e9 motrice est valide uniquement pour l\u2019acheteur original et est non transf\u00e9rable.<br \/>\nLa garantie ci-dessous couvre uniquement les pi\u00e8ces et comprend une garantie d\u2019un (1) an sur la main-d\u2019\u0153uvre.<br \/>\nL\u2019utilisation d\u2019une alimentation \u00e9lectrique autre que celle prescrite sur l\u2019appareil et\/ou toute r\u00e9paration effectu\u00e9e par une personne non autoris\u00e9e rendra cette garantie nulle et sans effet.<br \/>\nLa garantie sera \u00e9galement nulle et sans effet si le syst\u00e8me et\/ou ses accessoires ont \u00e9t\u00e9 utilis\u00e9s sur des surfaces mouill\u00e9es.<br \/>\nCette garantie s\u2019applique <strong>uniquement \u00e0 une utilisation r\u00e9sidentielle<\/strong> ; elle ne couvre pas l\u2019usage commercial ou industriel du produit.<br \/>\nLe fabricant n\u2019est pas responsable des frais de transport.<br \/>\nLa preuve d\u2019achat est obligatoire, ainsi que la facture de l\u2019installation effectu\u00e9e par un \u00e9lectricien qualifi\u00e9.<\/p>\n<hr \/>\n<h3>Moteur et module de l\u2019unit\u00e9 motrice d\u2019aspiration centrale \u2013 Vingt-cinq (25) ans<\/h3>\n<p>OVO r\u00e9parera ou remplacera tout moteur ou module \u00e9lectronique d\u00e9fectueux de l\u2019unit\u00e9 motrice d\u2019aspiration centrale pendant les vingt-cinq (25) premi\u00e8res ann\u00e9es suivant la date d\u2019achat, si le produit est utilis\u00e9 dans des conditions normales et correctement entretenu, conform\u00e9ment au manuel d\u2019instructions de l\u2019unit\u00e9 motrice.*\u00b9<\/p>\n<hr \/>\n<h3>Certaines conditions s\u2019appliquent<\/h3>\n<p>Le filtre permanent doit \u00eatre nettoy\u00e9 ou remplac\u00e9 chaque fois que le bac \u00e0 poussi\u00e8re est vid\u00e9 ou apr\u00e8s trois (3) changements de sacs jetables. Cela aide \u00e0 \u00e9viter l\u2019accumulation de d\u00e9bris sur le filtre, prot\u00e8ge le compartiment moteur et assure le maintien de la garantie.<\/p>\n<p>*\u00b9 Dans le cas d\u2019une garantie \u00e0 vie pour une unit\u00e9 intelligente, la garantie sur le module \u00e9lectronique est de un (1) an seulement.<\/p>\n<\/div><div class=\"fusion-button-wrapper\"><a class=\"fusion-button button-flat fusion-button-default-size button-default fusion-button-default button-3 fusion-button-default-span fusion-button-default-type\" target=\"_self\" href=\"https:\/\/myovo.ca\/fr\/produit\/garantie-a-vie\/\"><span class=\"fusion-button-text awb-button__text awb-button__text--default\">ACHETEZ LA GARANTIE \u00c0 VIE<\/span><\/a><\/div><div class=\"fusion-clearfix\"><\/div><\/div><\/div><\/div><\/div><div class=\"fusion-fullwidth fullwidth-box fusion-builder-row-3 nonhundred-percent-fullwidth non-hundred-percent-height-scrolling\" style=\"--awb-border-radius-top-left:0px;--awb-border-radius-top-right:0px;--awb-border-radius-bottom-right:0px;--awb-border-radius-bottom-left:0px;--awb-flex-wrap:wrap;\" ><div class=\"fusion-builder-row fusion-row\"><div class=\"fusion-layout-column fusion_builder_column fusion-builder-column-4 fusion_builder_column_1_1 1_1 fusion-one-full fusion-column-first fusion-column-last\" style=\"--awb-bg-size:cover;\"><div class=\"fusion-column-wrapper fusion-flex-column-wrapper-legacy\"><div class=\"fusion-clearfix\"><\/div><\/div><\/div><\/div><\/div><\/p>\n","protected":false},"excerpt":{"rendered":"","protected":false},"author":3,"featured_media":0,"parent":0,"menu_order":0,"comment_status":"closed","ping_status":"closed","template":"100-width.php","meta":{"_acf_changed":false,"jetpack_post_was_ever_published":false,"footnotes":""},"class_list":["post-12251","page","type-page","status-publish","hentry"],"acf":[],"yoast_head":"<!-- This site is optimized with the Yoast SEO plugin v26.8 - https:\/\/yoast.com\/product\/yoast-seo-wordpress\/ -->\n<title>Garantie - Ovo Vacuum<\/title>\n<meta name=\"robots\" content=\"index, follow, max-snippet:-1, max-image-preview:large, max-video-preview:-1\" \/>\n<link rel=\"canonical\" href=\"https:\/\/myovo.ca\/fr\/garantie\/\" \/>\n<meta property=\"og:locale\" content=\"fr_FR\" \/>\n<meta property=\"og:type\" content=\"article\" \/>\n<meta property=\"og:title\" content=\"Garantie - Ovo Vacuum\" \/>\n<meta property=\"og:url\" content=\"https:\/\/myovo.ca\/fr\/garantie\/\" \/>\n<meta property=\"og:site_name\" content=\"Ovo Vacuum\" \/>\n<meta property=\"article:publisher\" content=\"https:\/\/www.facebook.com\/nadairint\/\" \/>\n<meta property=\"article:modified_time\" content=\"2025-10-17T14:11:23+00:00\" \/>\n<meta name=\"twitter:card\" content=\"summary_large_image\" \/>\n<meta name=\"twitter:label1\" content=\"Dur\u00e9e de lecture estim\u00e9e\" \/>\n\t<meta name=\"twitter:data1\" content=\"7 minutes\" \/>\n<script type=\"application\/ld+json\" class=\"yoast-schema-graph\">{\"@context\":\"https:\/\/schema.org\",\"@graph\":[{\"@type\":\"WebPage\",\"@id\":\"https:\/\/myovo.ca\/fr\/garantie\/\",\"url\":\"https:\/\/myovo.ca\/fr\/garantie\/\",\"name\":\"Garantie - Ovo Vacuum\",\"isPartOf\":{\"@id\":\"https:\/\/myovo.ca\/#website\"},\"datePublished\":\"2018-04-27T12:12:52+00:00\",\"dateModified\":\"2025-10-17T14:11:23+00:00\",\"breadcrumb\":{\"@id\":\"https:\/\/myovo.ca\/fr\/garantie\/#breadcrumb\"},\"inLanguage\":\"fr-FR\",\"potentialAction\":[{\"@type\":\"ReadAction\",\"target\":[\"https:\/\/myovo.ca\/fr\/garantie\/\"]}]},{\"@type\":\"BreadcrumbList\",\"@id\":\"https:\/\/myovo.ca\/fr\/garantie\/#breadcrumb\",\"itemListElement\":[{\"@type\":\"ListItem\",\"position\":1,\"name\":\"Home\",\"item\":\"https:\/\/myovo.ca\/fr\/\"},{\"@type\":\"ListItem\",\"position\":2,\"name\":\"Garantie\"}]},{\"@type\":\"WebSite\",\"@id\":\"https:\/\/myovo.ca\/#website\",\"url\":\"https:\/\/myovo.ca\/\",\"name\":\"OVO Central Vacuum\",\"description\":\"\",\"publisher\":{\"@id\":\"https:\/\/myovo.ca\/#organization\"},\"potentialAction\":[{\"@type\":\"SearchAction\",\"target\":{\"@type\":\"EntryPoint\",\"urlTemplate\":\"https:\/\/myovo.ca\/?s={search_term_string}\"},\"query-input\":{\"@type\":\"PropertyValueSpecification\",\"valueRequired\":true,\"valueName\":\"search_term_string\"}}],\"inLanguage\":\"fr-FR\"},{\"@type\":\"Organization\",\"@id\":\"https:\/\/myovo.ca\/#organization\",\"name\":\"OVO Central Vacuum\",\"url\":\"https:\/\/myovo.ca\/\",\"logo\":{\"@type\":\"ImageObject\",\"inLanguage\":\"fr-FR\",\"@id\":\"https:\/\/myovo.ca\/#\/schema\/logo\/image\/\",\"url\":\"https:\/\/i2.wp.com\/myovo.ca\/wp-content\/uploads\/2018\/04\/logo_ovo_p.png?fit=120%2C52&ssl=1\",\"contentUrl\":\"https:\/\/i2.wp.com\/myovo.ca\/wp-content\/uploads\/2018\/04\/logo_ovo_p.png?fit=120%2C52&ssl=1\",\"width\":120,\"height\":52,\"caption\":\"OVO Central Vacuum\"},\"image\":{\"@id\":\"https:\/\/myovo.ca\/#\/schema\/logo\/image\/\"},\"sameAs\":[\"https:\/\/www.facebook.com\/nadairint\/\"]}]}<\/script>\n<!-- \/ Yoast SEO plugin. -->","yoast_head_json":{"title":"Garantie - Ovo Vacuum","robots":{"index":"index","follow":"follow","max-snippet":"max-snippet:-1","max-image-preview":"max-image-preview:large","max-video-preview":"max-video-preview:-1"},"canonical":"https:\/\/myovo.ca\/fr\/garantie\/","og_locale":"fr_FR","og_type":"article","og_title":"Garantie - Ovo Vacuum","og_url":"https:\/\/myovo.ca\/fr\/garantie\/","og_site_name":"Ovo Vacuum","article_publisher":"https:\/\/www.facebook.com\/nadairint\/","article_modified_time":"2025-10-17T14:11:23+00:00","twitter_card":"summary_large_image","twitter_misc":{"Dur\u00e9e de lecture estim\u00e9e":"7 minutes"},"schema":{"@context":"https:\/\/schema.org","@graph":[{"@type":"WebPage","@id":"https:\/\/myovo.ca\/fr\/garantie\/","url":"https:\/\/myovo.ca\/fr\/garantie\/","name":"Garantie - Ovo Vacuum","isPartOf":{"@id":"https:\/\/myovo.ca\/#website"},"datePublished":"2018-04-27T12:12:52+00:00","dateModified":"2025-10-17T14:11:23+00:00","breadcrumb":{"@id":"https:\/\/myovo.ca\/fr\/garantie\/#breadcrumb"},"inLanguage":"fr-FR","potentialAction":[{"@type":"ReadAction","target":["https:\/\/myovo.ca\/fr\/garantie\/"]}]},{"@type":"BreadcrumbList","@id":"https:\/\/myovo.ca\/fr\/garantie\/#breadcrumb","itemListElement":[{"@type":"ListItem","position":1,"name":"Home","item":"https:\/\/myovo.ca\/fr\/"},{"@type":"ListItem","position":2,"name":"Garantie"}]},{"@type":"WebSite","@id":"https:\/\/myovo.ca\/#website","url":"https:\/\/myovo.ca\/","name":"OVO Central Vacuum","description":"","publisher":{"@id":"https:\/\/myovo.ca\/#organization"},"potentialAction":[{"@type":"SearchAction","target":{"@type":"EntryPoint","urlTemplate":"https:\/\/myovo.ca\/?s={search_term_string}"},"query-input":{"@type":"PropertyValueSpecification","valueRequired":true,"valueName":"search_term_string"}}],"inLanguage":"fr-FR"},{"@type":"Organization","@id":"https:\/\/myovo.ca\/#organization","name":"OVO Central Vacuum","url":"https:\/\/myovo.ca\/","logo":{"@type":"ImageObject","inLanguage":"fr-FR","@id":"https:\/\/myovo.ca\/#\/schema\/logo\/image\/","url":"https:\/\/i2.wp.com\/myovo.ca\/wp-content\/uploads\/2018\/04\/logo_ovo_p.png?fit=120%2C52&ssl=1","contentUrl":"https:\/\/i2.wp.com\/myovo.ca\/wp-content\/uploads\/2018\/04\/logo_ovo_p.png?fit=120%2C52&ssl=1","width":120,"height":52,"caption":"OVO Central Vacuum"},"image":{"@id":"https:\/\/myovo.ca\/#\/schema\/logo\/image\/"},"sameAs":["https:\/\/www.facebook.com\/nadairint\/"]}]}},"jetpack_sharing_enabled":true,"jetpack_shortlink":"https:\/\/wp.me\/PbkIKo-3bB","_links":{"self":[{"href":"https:\/\/myovo.ca\/fr\/wp-json\/wp\/v2\/pages\/12251","targetHints":{"allow":["GET"]}}],"collection":[{"href":"https:\/\/myovo.ca\/fr\/wp-json\/wp\/v2\/pages"}],"about":[{"href":"https:\/\/myovo.ca\/fr\/wp-json\/wp\/v2\/types\/page"}],"author":[{"embeddable":true,"href":"https:\/\/myovo.ca\/fr\/wp-json\/wp\/v2\/users\/3"}],"replies":[{"embeddable":true,"href":"https:\/\/myovo.ca\/fr\/wp-json\/wp\/v2\/comments?post=12251"}],"version-history":[{"count":4,"href":"https:\/\/myovo.ca\/fr\/wp-json\/wp\/v2\/pages\/12251\/revisions"}],"predecessor-version":[{"id":24371,"href":"https:\/\/myovo.ca\/fr\/wp-json\/wp\/v2\/pages\/12251\/revisions\/24371"}],"wp:attachment":[{"href":"https:\/\/myovo.ca\/fr\/wp-json\/wp\/v2\/media?parent=12251"}],"curies":[{"name":"wp","href":"https:\/\/api.w.org\/{rel}","templated":true}]}}