{"id":24265,"date":"2025-09-25T10:46:17","date_gmt":"2025-09-25T14:46:17","guid":{"rendered":"https:\/\/myovo.ca\/?page_id=24265"},"modified":"2025-09-25T11:09:51","modified_gmt":"2025-09-25T15:09:51","slug":"lois-29-clause-de-conformite","status":"publish","type":"page","link":"https:\/\/myovo.ca\/fr\/lois-29-clause-de-conformite\/","title":{"rendered":"Lois 29 &#8211; Clause de conformit\u00e9"},"content":{"rendered":"<div class=\"fusion-fullwidth fullwidth-box fusion-builder-row-1 fusion-flex-container has-pattern-background has-mask-background nonhundred-percent-fullwidth non-hundred-percent-height-scrolling\" style=\"--awb-border-radius-top-left:0px;--awb-border-radius-top-right:0px;--awb-border-radius-bottom-right:0px;--awb-border-radius-bottom-left:0px;--awb-flex-wrap:wrap;\" ><div class=\"fusion-builder-row fusion-row fusion-flex-align-items-flex-start fusion-flex-content-wrap\" style=\"max-width:1144px;margin-left: calc(-4% \/ 2 );margin-right: calc(-4% \/ 2 );\"><div class=\"fusion-layout-column fusion_builder_column fusion-builder-column-0 fusion_builder_column_1_1 1_1 fusion-flex-column\" style=\"--awb-bg-size:cover;--awb-width-large:100%;--awb-margin-top-large:0px;--awb-spacing-right-large:1.92%;--awb-margin-bottom-large:20px;--awb-spacing-left-large:1.92%;--awb-width-medium:100%;--awb-order-medium:0;--awb-spacing-right-medium:1.92%;--awb-spacing-left-medium:1.92%;--awb-width-small:100%;--awb-order-small:0;--awb-spacing-right-small:1.92%;--awb-spacing-left-small:1.92%;\"><div class=\"fusion-column-wrapper fusion-column-has-shadow fusion-flex-justify-content-flex-start fusion-content-layout-column\"><div class=\"fusion-text fusion-text-1\"><p><strong>Clause de conformit\u00e9 \u2013 Disponibilit\u00e9 des pi\u00e8ces et services<\/strong><\/p>\n<p><strong>Garantie l\u00e9gale<\/strong><br \/>\nEn vertu de la <em>Loi sur la protection du consommateur<\/em> du Qu\u00e9bec, le bien que vous avez achet\u00e9 est couvert par une <strong>garantie l\u00e9gale<\/strong>.<br \/>\nCette garantie vous assure que le produit pourra <strong>servir \u00e0 l\u2019usage auquel il est normalement destin\u00e9<\/strong> et ce, pour une <strong>dur\u00e9e raisonnable<\/strong>, compte tenu du prix pay\u00e9, de l\u2019usage pr\u00e9vu et des conditions d\u2019utilisation, <strong>m\u00eame si aucune garantie suppl\u00e9mentaire n\u2019est offerte ou que la garantie contractuelle est expir\u00e9e<\/strong>.<\/p>\n<p><strong>Disponibilit\u00e9 des pi\u00e8ces et services<\/strong><br \/>\nOVO informe le consommateur qu\u2019<strong>aucune pi\u00e8ce de rechange ni service de r\u00e9paration n\u2019est offert<\/strong> pour ce produit apr\u00e8s la vente.<br \/>\nPar cons\u00e9quent, si une pi\u00e8ce brise ou si une r\u00e9paration est n\u00e9cessaire, <strong>le consommateur devra soit remplacer le produit \u00e0 ses frais, soit acheter la pi\u00e8ce n\u00e9cessaire pour effectuer la r\u00e9paration<\/strong>.<br \/>\nCette information est communiqu\u00e9e avant l\u2019achat, conform\u00e9ment aux exigences de la <em>Loi sur la protection du consommateur<\/em>.<\/p>\n<p><strong>Garantie contractuelle<\/strong><br \/>\nLa garantie contractuelle s\u2019ajoute \u00e0 la garantie l\u00e9gale et ne limite en aucun cas les droits conf\u00e9r\u00e9s par la Loi.<\/p>\n<\/div><\/div><\/div><\/div><\/div>\n","protected":false},"excerpt":{"rendered":"","protected":false},"author":3,"featured_media":0,"parent":0,"menu_order":0,"comment_status":"closed","ping_status":"closed","template":"","meta":{"_acf_changed":false,"jetpack_post_was_ever_published":false,"footnotes":""},"class_list":["post-24265","page","type-page","status-publish","hentry"],"acf":[],"yoast_head":"<!-- This site is optimized with the Yoast SEO plugin v26.8 - https:\/\/yoast.com\/product\/yoast-seo-wordpress\/ -->\n<title>Lois 29 - Clause de conformit\u00e9 - Ovo Vacuum<\/title>\n<meta name=\"robots\" content=\"index, follow, max-snippet:-1, max-image-preview:large, max-video-preview:-1\" \/>\n<link rel=\"canonical\" href=\"https:\/\/myovo.ca\/fr\/lois-29-clause-de-conformite\/\" \/>\n<meta property=\"og:locale\" content=\"fr_FR\" \/>\n<meta property=\"og:type\" content=\"article\" \/>\n<meta property=\"og:title\" content=\"Lois 29 - Clause de conformit\u00e9 - Ovo Vacuum\" \/>\n<meta property=\"og:url\" content=\"https:\/\/myovo.ca\/fr\/lois-29-clause-de-conformite\/\" \/>\n<meta property=\"og:site_name\" content=\"Ovo Vacuum\" \/>\n<meta property=\"article:publisher\" content=\"https:\/\/www.facebook.com\/nadairint\/\" \/>\n<meta property=\"article:modified_time\" content=\"2025-09-25T15:09:51+00:00\" \/>\n<meta name=\"twitter:card\" content=\"summary_large_image\" \/>\n<meta name=\"twitter:label1\" content=\"Dur\u00e9e de lecture estim\u00e9e\" \/>\n\t<meta name=\"twitter:data1\" content=\"1 minute\" \/>\n<script type=\"application\/ld+json\" class=\"yoast-schema-graph\">{\"@context\":\"https:\/\/schema.org\",\"@graph\":[{\"@type\":\"WebPage\",\"@id\":\"https:\/\/myovo.ca\/fr\/lois-29-clause-de-conformite\/\",\"url\":\"https:\/\/myovo.ca\/fr\/lois-29-clause-de-conformite\/\",\"name\":\"Lois 29 - Clause de conformit\u00e9 - Ovo Vacuum\",\"isPartOf\":{\"@id\":\"https:\/\/myovo.ca\/#website\"},\"datePublished\":\"2025-09-25T14:46:17+00:00\",\"dateModified\":\"2025-09-25T15:09:51+00:00\",\"breadcrumb\":{\"@id\":\"https:\/\/myovo.ca\/fr\/lois-29-clause-de-conformite\/#breadcrumb\"},\"inLanguage\":\"fr-FR\",\"potentialAction\":[{\"@type\":\"ReadAction\",\"target\":[\"https:\/\/myovo.ca\/fr\/lois-29-clause-de-conformite\/\"]}]},{\"@type\":\"BreadcrumbList\",\"@id\":\"https:\/\/myovo.ca\/fr\/lois-29-clause-de-conformite\/#breadcrumb\",\"itemListElement\":[{\"@type\":\"ListItem\",\"position\":1,\"name\":\"Home\",\"item\":\"https:\/\/myovo.ca\/fr\/\"},{\"@type\":\"ListItem\",\"position\":2,\"name\":\"Lois 29 &#8211; Clause de conformit\u00e9\"}]},{\"@type\":\"WebSite\",\"@id\":\"https:\/\/myovo.ca\/#website\",\"url\":\"https:\/\/myovo.ca\/\",\"name\":\"OVO Central Vacuum\",\"description\":\"\",\"publisher\":{\"@id\":\"https:\/\/myovo.ca\/#organization\"},\"potentialAction\":[{\"@type\":\"SearchAction\",\"target\":{\"@type\":\"EntryPoint\",\"urlTemplate\":\"https:\/\/myovo.ca\/?s={search_term_string}\"},\"query-input\":{\"@type\":\"PropertyValueSpecification\",\"valueRequired\":true,\"valueName\":\"search_term_string\"}}],\"inLanguage\":\"fr-FR\"},{\"@type\":\"Organization\",\"@id\":\"https:\/\/myovo.ca\/#organization\",\"name\":\"OVO Central Vacuum\",\"url\":\"https:\/\/myovo.ca\/\",\"logo\":{\"@type\":\"ImageObject\",\"inLanguage\":\"fr-FR\",\"@id\":\"https:\/\/myovo.ca\/#\/schema\/logo\/image\/\",\"url\":\"https:\/\/i2.wp.com\/myovo.ca\/wp-content\/uploads\/2018\/04\/logo_ovo_p.png?fit=120%2C52&ssl=1\",\"contentUrl\":\"https:\/\/i2.wp.com\/myovo.ca\/wp-content\/uploads\/2018\/04\/logo_ovo_p.png?fit=120%2C52&ssl=1\",\"width\":120,\"height\":52,\"caption\":\"OVO Central Vacuum\"},\"image\":{\"@id\":\"https:\/\/myovo.ca\/#\/schema\/logo\/image\/\"},\"sameAs\":[\"https:\/\/www.facebook.com\/nadairint\/\"]}]}<\/script>\n<!-- \/ Yoast SEO plugin. -->","yoast_head_json":{"title":"Lois 29 - Clause de conformit\u00e9 - Ovo Vacuum","robots":{"index":"index","follow":"follow","max-snippet":"max-snippet:-1","max-image-preview":"max-image-preview:large","max-video-preview":"max-video-preview:-1"},"canonical":"https:\/\/myovo.ca\/fr\/lois-29-clause-de-conformite\/","og_locale":"fr_FR","og_type":"article","og_title":"Lois 29 - Clause de conformit\u00e9 - Ovo Vacuum","og_url":"https:\/\/myovo.ca\/fr\/lois-29-clause-de-conformite\/","og_site_name":"Ovo Vacuum","article_publisher":"https:\/\/www.facebook.com\/nadairint\/","article_modified_time":"2025-09-25T15:09:51+00:00","twitter_card":"summary_large_image","twitter_misc":{"Dur\u00e9e de lecture estim\u00e9e":"1 minute"},"schema":{"@context":"https:\/\/schema.org","@graph":[{"@type":"WebPage","@id":"https:\/\/myovo.ca\/fr\/lois-29-clause-de-conformite\/","url":"https:\/\/myovo.ca\/fr\/lois-29-clause-de-conformite\/","name":"Lois 29 - Clause de conformit\u00e9 - Ovo Vacuum","isPartOf":{"@id":"https:\/\/myovo.ca\/#website"},"datePublished":"2025-09-25T14:46:17+00:00","dateModified":"2025-09-25T15:09:51+00:00","breadcrumb":{"@id":"https:\/\/myovo.ca\/fr\/lois-29-clause-de-conformite\/#breadcrumb"},"inLanguage":"fr-FR","potentialAction":[{"@type":"ReadAction","target":["https:\/\/myovo.ca\/fr\/lois-29-clause-de-conformite\/"]}]},{"@type":"BreadcrumbList","@id":"https:\/\/myovo.ca\/fr\/lois-29-clause-de-conformite\/#breadcrumb","itemListElement":[{"@type":"ListItem","position":1,"name":"Home","item":"https:\/\/myovo.ca\/fr\/"},{"@type":"ListItem","position":2,"name":"Lois 29 &#8211; Clause de conformit\u00e9"}]},{"@type":"WebSite","@id":"https:\/\/myovo.ca\/#website","url":"https:\/\/myovo.ca\/","name":"OVO Central Vacuum","description":"","publisher":{"@id":"https:\/\/myovo.ca\/#organization"},"potentialAction":[{"@type":"SearchAction","target":{"@type":"EntryPoint","urlTemplate":"https:\/\/myovo.ca\/?s={search_term_string}"},"query-input":{"@type":"PropertyValueSpecification","valueRequired":true,"valueName":"search_term_string"}}],"inLanguage":"fr-FR"},{"@type":"Organization","@id":"https:\/\/myovo.ca\/#organization","name":"OVO Central Vacuum","url":"https:\/\/myovo.ca\/","logo":{"@type":"ImageObject","inLanguage":"fr-FR","@id":"https:\/\/myovo.ca\/#\/schema\/logo\/image\/","url":"https:\/\/i2.wp.com\/myovo.ca\/wp-content\/uploads\/2018\/04\/logo_ovo_p.png?fit=120%2C52&ssl=1","contentUrl":"https:\/\/i2.wp.com\/myovo.ca\/wp-content\/uploads\/2018\/04\/logo_ovo_p.png?fit=120%2C52&ssl=1","width":120,"height":52,"caption":"OVO Central Vacuum"},"image":{"@id":"https:\/\/myovo.ca\/#\/schema\/logo\/image\/"},"sameAs":["https:\/\/www.facebook.com\/nadairint\/"]}]}},"jetpack_sharing_enabled":true,"jetpack_shortlink":"https:\/\/wp.me\/PbkIKo-6jn","_links":{"self":[{"href":"https:\/\/myovo.ca\/fr\/wp-json\/wp\/v2\/pages\/24265","targetHints":{"allow":["GET"]}}],"collection":[{"href":"https:\/\/myovo.ca\/fr\/wp-json\/wp\/v2\/pages"}],"about":[{"href":"https:\/\/myovo.ca\/fr\/wp-json\/wp\/v2\/types\/page"}],"author":[{"embeddable":true,"href":"https:\/\/myovo.ca\/fr\/wp-json\/wp\/v2\/users\/3"}],"replies":[{"embeddable":true,"href":"https:\/\/myovo.ca\/fr\/wp-json\/wp\/v2\/comments?post=24265"}],"version-history":[{"count":2,"href":"https:\/\/myovo.ca\/fr\/wp-json\/wp\/v2\/pages\/24265\/revisions"}],"predecessor-version":[{"id":24269,"href":"https:\/\/myovo.ca\/fr\/wp-json\/wp\/v2\/pages\/24265\/revisions\/24269"}],"wp:attachment":[{"href":"https:\/\/myovo.ca\/fr\/wp-json\/wp\/v2\/media?parent=24265"}],"curies":[{"name":"wp","href":"https:\/\/api.w.org\/{rel}","templated":true}]}}