{"id":14215,"date":"2019-07-02T14:33:20","date_gmt":"2019-07-02T18:33:20","guid":{"rendered":"https:\/\/myovo.ca\/product\/electric-power-nozzle-kit\/"},"modified":"2024-11-26T11:26:49","modified_gmt":"2024-11-26T16:26:49","slug":"ensemble-electrique","status":"publish","type":"product","link":"https:\/\/myovo.ca\/fr\/produit\/ensemble-electrique\/","title":{"rendered":"Ensemble de brosse \u00e9lectrique"},"content":{"rendered":"<div id=\"tw-target-text-container\" class=\"tw-ta-container tw-nfl\" tabindex=\"0\">\n<ul>\n<li id=\"tw-target-text\" class=\"tw-data-text tw-text-large tw-ta\" dir=\"ltr\" data-placeholder=\"Traduction\"><span lang=\"fr\">Multi fonctions: 6 hauteurs ajustables, personnalisez vos besoins pour tout type de surface de sol <\/span><\/li>\n<li class=\"tw-data-text tw-text-large tw-ta\" dir=\"ltr\" data-placeholder=\"Traduction\"><span lang=\"fr\">Usage intensif: Moteur puissant int\u00e9gr\u00e9. <\/span><\/li>\n<li class=\"tw-data-text tw-text-large tw-ta\" dir=\"ltr\" data-placeholder=\"Traduction\"><span lang=\"fr\">Qualit\u00e9 visible: affichage de la t\u00eate motrice dans la fen\u00eatre frontale <\/span><\/li>\n<li class=\"tw-data-text tw-text-large tw-ta\" dir=\"ltr\" data-placeholder=\"Traduction\"><span lang=\"fr\">Lumi\u00e8re DEL: Facilite la vue de la poussi\u00e8re dans les endroits sombres et sous les meubles<br \/>\n<\/span><\/li>\n<li class=\"tw-data-text tw-text-large tw-ta\" dir=\"ltr\" data-placeholder=\"Traduction\"><span lang=\"fr\">Ensemble complet: Manchon t\u00e9lescopique ajustable et batteur \u00e0 tapis \u00e9lectrique<br \/>\n<\/span><\/li>\n<\/ul>\n<\/div>\n<div id=\"tw-target-rmn-container\" class=\"tw-ta-container tw-nfl\">\n<p id=\"tw-target-rmn\" class=\"tw-data-placeholder tw-text-small tw-ta\" dir=\"ltr\">\n<\/div>\n","protected":false},"excerpt":{"rendered":"<p>Multi fonctions: 6 hauteurs ajustables, personnalisez vos besoins pour tout type de surface de sol Usage intensif: Moteur puissant int\u00e9gr\u00e9. Qualit\u00e9 visible: affichage de la t\u00eate motrice dans la fen\u00eatre frontale Lumi\u00e8re DEL: Facilite la vue de la poussi\u00e8re dans les endroits sombres et sous les meubles Ensemble complet: Manchon t\u00e9lescopique ajustable et batteur \u00e0 tapis  [&#8230;]<\/p>\n","protected":false},"featured_media":22195,"comment_status":"closed","ping_status":"closed","template":"","meta":{"_acf_changed":false,"jetpack_post_was_ever_published":false,"jetpack_publicize_message":"","jetpack_publicize_feature_enabled":true,"jetpack_social_post_already_shared":false,"jetpack_social_options":{"image_generator_settings":{"template":"highway","default_image_id":0,"font":"","enabled":false},"version":2}},"product_brand":[],"product_cat":[80,71],"product_tag":[],"class_list":{"0":"post-14215","1":"product","2":"type-product","3":"status-publish","4":"has-post-thumbnail","6":"product_cat-ensemble-accessoires","7":"product_cat-accessory-fr","8":"product_shipping_class-acc-fr","10":"first","11":"instock","12":"taxable","13":"shipping-taxable","14":"purchasable","15":"product-type-simple"},"acf":[],"yoast_head":"<!-- This site is optimized with the Yoast SEO plugin v27.3 - https:\/\/yoast.com\/product\/yoast-seo-wordpress\/ -->\n<title>Ensemble de brosse \u00e9lectrique - Ovo Vacuum<\/title>\n<meta name=\"robots\" content=\"index, follow, max-snippet:-1, max-image-preview:large, max-video-preview:-1\" \/>\n<link rel=\"canonical\" href=\"https:\/\/myovo.ca\/fr\/produit\/ensemble-electrique\/\" \/>\n<meta property=\"og:locale\" content=\"fr_FR\" \/>\n<meta property=\"og:type\" content=\"article\" \/>\n<meta property=\"og:title\" content=\"Ensemble de brosse \u00e9lectrique - Ovo Vacuum\" \/>\n<meta property=\"og:description\" content=\"Multi fonctions: 6 hauteurs ajustables, personnalisez vos besoins pour tout type de surface de sol Usage intensif: Moteur puissant int\u00e9gr\u00e9. Qualit\u00e9 visible: affichage de la t\u00eate motrice dans la fen\u00eatre frontale Lumi\u00e8re DEL: Facilite la vue de la poussi\u00e8re dans les endroits sombres et sous les meubles Ensemble complet: Manchon t\u00e9lescopique ajustable et batteur \u00e0 tapis [...]\" \/>\n<meta property=\"og:url\" content=\"https:\/\/myovo.ca\/fr\/produit\/ensemble-electrique\/\" \/>\n<meta property=\"og:site_name\" content=\"Ovo Vacuum\" \/>\n<meta property=\"article:publisher\" content=\"https:\/\/www.facebook.com\/nadairint\/\" \/>\n<meta property=\"article:modified_time\" content=\"2024-11-26T16:26:49+00:00\" \/>\n<meta property=\"og:image\" content=\"https:\/\/myovo.ca\/wp-content\/uploads\/2019\/07\/CD-1-copie.jpg\" \/>\n\t<meta property=\"og:image:width\" content=\"1000\" \/>\n\t<meta property=\"og:image:height\" content=\"1000\" \/>\n\t<meta property=\"og:image:type\" content=\"image\/jpeg\" \/>\n<meta name=\"twitter:card\" content=\"summary_large_image\" \/>\n<meta name=\"twitter:label1\" content=\"Dur\u00e9e de lecture estim\u00e9e\" \/>\n\t<meta name=\"twitter:data1\" content=\"1 minute\" \/>\n<script type=\"application\/ld+json\" class=\"yoast-schema-graph\">{\"@context\":\"https:\\\/\\\/schema.org\",\"@graph\":[{\"@type\":\"WebPage\",\"@id\":\"https:\\\/\\\/myovo.ca\\\/fr\\\/produit\\\/ensemble-electrique\\\/\",\"url\":\"https:\\\/\\\/myovo.ca\\\/fr\\\/produit\\\/ensemble-electrique\\\/\",\"name\":\"Ensemble de brosse \u00e9lectrique - Ovo Vacuum\",\"isPartOf\":{\"@id\":\"https:\\\/\\\/myovo.ca\\\/#website\"},\"primaryImageOfPage\":{\"@id\":\"https:\\\/\\\/myovo.ca\\\/fr\\\/produit\\\/ensemble-electrique\\\/#primaryimage\"},\"image\":{\"@id\":\"https:\\\/\\\/myovo.ca\\\/fr\\\/produit\\\/ensemble-electrique\\\/#primaryimage\"},\"thumbnailUrl\":\"https:\\\/\\\/i0.wp.com\\\/myovo.ca\\\/wp-content\\\/uploads\\\/2019\\\/07\\\/CD-1-copie.jpg?fit=1000%2C1000&ssl=1\",\"datePublished\":\"2019-07-02T18:33:20+00:00\",\"dateModified\":\"2024-11-26T16:26:49+00:00\",\"breadcrumb\":{\"@id\":\"https:\\\/\\\/myovo.ca\\\/fr\\\/produit\\\/ensemble-electrique\\\/#breadcrumb\"},\"inLanguage\":\"fr-FR\",\"potentialAction\":[{\"@type\":\"ReadAction\",\"target\":[\"https:\\\/\\\/myovo.ca\\\/fr\\\/produit\\\/ensemble-electrique\\\/\"]}]},{\"@type\":\"ImageObject\",\"inLanguage\":\"fr-FR\",\"@id\":\"https:\\\/\\\/myovo.ca\\\/fr\\\/produit\\\/ensemble-electrique\\\/#primaryimage\",\"url\":\"https:\\\/\\\/i0.wp.com\\\/myovo.ca\\\/wp-content\\\/uploads\\\/2019\\\/07\\\/CD-1-copie.jpg?fit=1000%2C1000&ssl=1\",\"contentUrl\":\"https:\\\/\\\/i0.wp.com\\\/myovo.ca\\\/wp-content\\\/uploads\\\/2019\\\/07\\\/CD-1-copie.jpg?fit=1000%2C1000&ssl=1\",\"width\":1000,\"height\":1000},{\"@type\":\"BreadcrumbList\",\"@id\":\"https:\\\/\\\/myovo.ca\\\/fr\\\/produit\\\/ensemble-electrique\\\/#breadcrumb\",\"itemListElement\":[{\"@type\":\"ListItem\",\"position\":1,\"name\":\"Home\",\"item\":\"https:\\\/\\\/myovo.ca\\\/fr\\\/\"},{\"@type\":\"ListItem\",\"position\":2,\"name\":\"Shop\",\"item\":\"https:\\\/\\\/myovo.ca\\\/fr\\\/magasiner-les-meilleurs-aspirateurs-centraux-au-canada\\\/\"},{\"@type\":\"ListItem\",\"position\":3,\"name\":\"Ensemble de brosse \u00e9lectrique\"}]},{\"@type\":\"WebSite\",\"@id\":\"https:\\\/\\\/myovo.ca\\\/#website\",\"url\":\"https:\\\/\\\/myovo.ca\\\/\",\"name\":\"OVO Central Vacuum\",\"description\":\"\",\"publisher\":{\"@id\":\"https:\\\/\\\/myovo.ca\\\/#organization\"},\"potentialAction\":[{\"@type\":\"SearchAction\",\"target\":{\"@type\":\"EntryPoint\",\"urlTemplate\":\"https:\\\/\\\/myovo.ca\\\/?s={search_term_string}\"},\"query-input\":{\"@type\":\"PropertyValueSpecification\",\"valueRequired\":true,\"valueName\":\"search_term_string\"}}],\"inLanguage\":\"fr-FR\"},{\"@type\":\"Organization\",\"@id\":\"https:\\\/\\\/myovo.ca\\\/#organization\",\"name\":\"OVO Central Vacuum\",\"url\":\"https:\\\/\\\/myovo.ca\\\/\",\"logo\":{\"@type\":\"ImageObject\",\"inLanguage\":\"fr-FR\",\"@id\":\"https:\\\/\\\/myovo.ca\\\/#\\\/schema\\\/logo\\\/image\\\/\",\"url\":\"https:\\\/\\\/i2.wp.com\\\/myovo.ca\\\/wp-content\\\/uploads\\\/2018\\\/04\\\/logo_ovo_p.png?fit=120%2C52&ssl=1\",\"contentUrl\":\"https:\\\/\\\/i2.wp.com\\\/myovo.ca\\\/wp-content\\\/uploads\\\/2018\\\/04\\\/logo_ovo_p.png?fit=120%2C52&ssl=1\",\"width\":120,\"height\":52,\"caption\":\"OVO Central Vacuum\"},\"image\":{\"@id\":\"https:\\\/\\\/myovo.ca\\\/#\\\/schema\\\/logo\\\/image\\\/\"},\"sameAs\":[\"https:\\\/\\\/www.facebook.com\\\/nadairint\\\/\"]}]}<\/script>\n<!-- \/ Yoast SEO plugin. -->","yoast_head_json":{"title":"Ensemble de brosse \u00e9lectrique - Ovo Vacuum","robots":{"index":"index","follow":"follow","max-snippet":"max-snippet:-1","max-image-preview":"max-image-preview:large","max-video-preview":"max-video-preview:-1"},"canonical":"https:\/\/myovo.ca\/fr\/produit\/ensemble-electrique\/","og_locale":"fr_FR","og_type":"article","og_title":"Ensemble de brosse \u00e9lectrique - Ovo Vacuum","og_description":"Multi fonctions: 6 hauteurs ajustables, personnalisez vos besoins pour tout type de surface de sol Usage intensif: Moteur puissant int\u00e9gr\u00e9. Qualit\u00e9 visible: affichage de la t\u00eate motrice dans la fen\u00eatre frontale Lumi\u00e8re DEL: Facilite la vue de la poussi\u00e8re dans les endroits sombres et sous les meubles Ensemble complet: Manchon t\u00e9lescopique ajustable et batteur \u00e0 tapis [...]","og_url":"https:\/\/myovo.ca\/fr\/produit\/ensemble-electrique\/","og_site_name":"Ovo Vacuum","article_publisher":"https:\/\/www.facebook.com\/nadairint\/","article_modified_time":"2024-11-26T16:26:49+00:00","og_image":[{"width":1000,"height":1000,"url":"https:\/\/myovo.ca\/wp-content\/uploads\/2019\/07\/CD-1-copie.jpg","type":"image\/jpeg"}],"twitter_card":"summary_large_image","twitter_misc":{"Dur\u00e9e de lecture estim\u00e9e":"1 minute"},"schema":{"@context":"https:\/\/schema.org","@graph":[{"@type":"WebPage","@id":"https:\/\/myovo.ca\/fr\/produit\/ensemble-electrique\/","url":"https:\/\/myovo.ca\/fr\/produit\/ensemble-electrique\/","name":"Ensemble de brosse \u00e9lectrique - Ovo Vacuum","isPartOf":{"@id":"https:\/\/myovo.ca\/#website"},"primaryImageOfPage":{"@id":"https:\/\/myovo.ca\/fr\/produit\/ensemble-electrique\/#primaryimage"},"image":{"@id":"https:\/\/myovo.ca\/fr\/produit\/ensemble-electrique\/#primaryimage"},"thumbnailUrl":"https:\/\/i0.wp.com\/myovo.ca\/wp-content\/uploads\/2019\/07\/CD-1-copie.jpg?fit=1000%2C1000&ssl=1","datePublished":"2019-07-02T18:33:20+00:00","dateModified":"2024-11-26T16:26:49+00:00","breadcrumb":{"@id":"https:\/\/myovo.ca\/fr\/produit\/ensemble-electrique\/#breadcrumb"},"inLanguage":"fr-FR","potentialAction":[{"@type":"ReadAction","target":["https:\/\/myovo.ca\/fr\/produit\/ensemble-electrique\/"]}]},{"@type":"ImageObject","inLanguage":"fr-FR","@id":"https:\/\/myovo.ca\/fr\/produit\/ensemble-electrique\/#primaryimage","url":"https:\/\/i0.wp.com\/myovo.ca\/wp-content\/uploads\/2019\/07\/CD-1-copie.jpg?fit=1000%2C1000&ssl=1","contentUrl":"https:\/\/i0.wp.com\/myovo.ca\/wp-content\/uploads\/2019\/07\/CD-1-copie.jpg?fit=1000%2C1000&ssl=1","width":1000,"height":1000},{"@type":"BreadcrumbList","@id":"https:\/\/myovo.ca\/fr\/produit\/ensemble-electrique\/#breadcrumb","itemListElement":[{"@type":"ListItem","position":1,"name":"Home","item":"https:\/\/myovo.ca\/fr\/"},{"@type":"ListItem","position":2,"name":"Shop","item":"https:\/\/myovo.ca\/fr\/magasiner-les-meilleurs-aspirateurs-centraux-au-canada\/"},{"@type":"ListItem","position":3,"name":"Ensemble de brosse \u00e9lectrique"}]},{"@type":"WebSite","@id":"https:\/\/myovo.ca\/#website","url":"https:\/\/myovo.ca\/","name":"OVO Central Vacuum","description":"","publisher":{"@id":"https:\/\/myovo.ca\/#organization"},"potentialAction":[{"@type":"SearchAction","target":{"@type":"EntryPoint","urlTemplate":"https:\/\/myovo.ca\/?s={search_term_string}"},"query-input":{"@type":"PropertyValueSpecification","valueRequired":true,"valueName":"search_term_string"}}],"inLanguage":"fr-FR"},{"@type":"Organization","@id":"https:\/\/myovo.ca\/#organization","name":"OVO Central Vacuum","url":"https:\/\/myovo.ca\/","logo":{"@type":"ImageObject","inLanguage":"fr-FR","@id":"https:\/\/myovo.ca\/#\/schema\/logo\/image\/","url":"https:\/\/i2.wp.com\/myovo.ca\/wp-content\/uploads\/2018\/04\/logo_ovo_p.png?fit=120%2C52&ssl=1","contentUrl":"https:\/\/i2.wp.com\/myovo.ca\/wp-content\/uploads\/2018\/04\/logo_ovo_p.png?fit=120%2C52&ssl=1","width":120,"height":52,"caption":"OVO Central Vacuum"},"image":{"@id":"https:\/\/myovo.ca\/#\/schema\/logo\/image\/"},"sameAs":["https:\/\/www.facebook.com\/nadairint\/"]}]}},"jetpack_publicize_connections":[],"jetpack_sharing_enabled":true,"_links":{"self":[{"href":"https:\/\/myovo.ca\/fr\/wp-json\/wp\/v2\/product\/14215","targetHints":{"allow":["GET"]}}],"collection":[{"href":"https:\/\/myovo.ca\/fr\/wp-json\/wp\/v2\/product"}],"about":[{"href":"https:\/\/myovo.ca\/fr\/wp-json\/wp\/v2\/types\/product"}],"replies":[{"embeddable":true,"href":"https:\/\/myovo.ca\/fr\/wp-json\/wp\/v2\/comments?post=14215"}],"wp:featuredmedia":[{"embeddable":true,"href":"https:\/\/myovo.ca\/fr\/wp-json\/wp\/v2\/media\/22195"}],"wp:attachment":[{"href":"https:\/\/myovo.ca\/fr\/wp-json\/wp\/v2\/media?parent=14215"}],"wp:term":[{"taxonomy":"product_brand","embeddable":true,"href":"https:\/\/myovo.ca\/fr\/wp-json\/wp\/v2\/product_brand?post=14215"},{"taxonomy":"product_cat","embeddable":true,"href":"https:\/\/myovo.ca\/fr\/wp-json\/wp\/v2\/product_cat?post=14215"},{"taxonomy":"product_tag","embeddable":true,"href":"https:\/\/myovo.ca\/fr\/wp-json\/wp\/v2\/product_tag?post=14215"}],"curies":[{"name":"wp","href":"https:\/\/api.w.org\/{rel}","templated":true}]}}