{"id":14246,"date":"2019-07-02T11:34:22","date_gmt":"2019-07-02T15:34:22","guid":{"rendered":"https:\/\/myovo.ca\/product\/ensemble-daccessoires-pour-le-garage\/"},"modified":"2025-03-24T10:29:05","modified_gmt":"2025-03-24T14:29:05","slug":"ensemble-daccessoires-pour-le-garage","status":"publish","type":"product","link":"https:\/\/myovo.ca\/fr\/produit\/ensemble-daccessoires-pour-le-garage\/","title":{"rendered":"Ensemble d&rsquo;accessoires de garage OVO pour syst\u00e8me d&rsquo;aspirateurs centraux &#8211; Id\u00e9al pour les surfaces dures, b\u00e9ton et tapis \u00e0 poils courts"},"content":{"rendered":"<p>Ensemble d&rsquo;accessoires id\u00e9al pour les surfaces dures, le b\u00e9ton et tapis \u00e0 poils court<\/p>\n<ul data-start=\"527\" data-end=\"1183\" data-is-only-node=\"\" data-is-last-node=\"\">\n<li data-start=\"527\" data-end=\"686\">Boyau bas-voltage \u00e0 air direct de 30 pi (9,10 m)<\/li>\n<li data-start=\"527\" data-end=\"686\">L&rsquo;aspirateur d\u00e9marre d\u00e8s que le boyau est connect\u00e9 dans la prise et arr\u00eat lorsqu&rsquo;il est retir\u00e9<\/li>\n<li data-start=\"741\" data-end=\"811\">Brosse combo avec poils r\u00e9tractables, 12\u201d (30 cm)<\/li>\n<li data-start=\"812\" data-end=\"879\">Tube t\u00e9lescopique r\u00e9glable, de 25,5\u201d (67 cm) \u00e0 38\u201d (100 cm)<\/li>\n<li data-start=\"880\" data-end=\"961\">Brosse pour tissus d\u2019ameublement avec poils en crin de cheval, 5\u201d (14 cm)<\/li>\n<li data-start=\"962\" data-end=\"1030\">Brosse \u00e0 \u00e9pousseter avec poils en crin de cheval, 4\u201d (10 cm)<\/li>\n<li data-start=\"1031\" data-end=\"1069\">Outil pour fentes, 10\u201d (25 cm)<\/li>\n<li data-start=\"1070\" data-end=\"1109\">Support d\u2019accessoires pour tube<\/li>\n<li data-start=\"1110\" data-end=\"1183\" data-is-last-node=\"\">Support mural chrom\u00e9 pour boyau et sac de rangement des accessoires<\/li>\n<\/ul>\n","protected":false},"excerpt":{"rendered":"<p>Ensemble d&rsquo;accessoires id\u00e9al pour les surfaces dures, le b\u00e9ton et tapis \u00e0 poils court Boyau bas-voltage \u00e0 air direct de 30 pi (9,10 m) L&rsquo;aspirateur d\u00e9marre d\u00e8s que le boyau est connect\u00e9 dans la prise et arr\u00eat lorsqu&rsquo;il est retir\u00e9 Brosse combo avec poils r\u00e9tractables, 12\u201d (30 cm) Tube t\u00e9lescopique r\u00e9glable, de 25,5\u201d (67 cm) \u00e0  [&#8230;]<\/p>\n","protected":false},"featured_media":22193,"comment_status":"closed","ping_status":"closed","template":"","meta":{"_acf_changed":false,"jetpack_post_was_ever_published":false,"jetpack_publicize_message":"","jetpack_publicize_feature_enabled":true,"jetpack_social_post_already_shared":true,"jetpack_social_options":{"image_generator_settings":{"template":"highway","default_image_id":0,"font":"","enabled":false},"version":2}},"product_brand":[],"product_cat":[80],"product_tag":[],"class_list":{"0":"post-14246","1":"product","2":"type-product","3":"status-publish","4":"has-post-thumbnail","6":"product_cat-ensemble-accessoires","7":"product_shipping_class-brush-fr","9":"first","10":"instock","11":"taxable","12":"shipping-taxable","13":"purchasable","14":"product-type-simple"},"acf":[],"yoast_head":"<!-- This site is optimized with the Yoast SEO plugin v26.8 - https:\/\/yoast.com\/product\/yoast-seo-wordpress\/ -->\n<title>Ensemble d&#039;accessoires de garage OVO pour syst\u00e8me d&#039;aspirateurs centraux - Id\u00e9al pour les surfaces dures, b\u00e9ton et tapis \u00e0 poils courts - Ovo Vacuum<\/title>\n<meta name=\"robots\" content=\"index, follow, max-snippet:-1, max-image-preview:large, max-video-preview:-1\" \/>\n<link rel=\"canonical\" href=\"https:\/\/myovo.ca\/fr\/produit\/ensemble-daccessoires-pour-le-garage\/\" \/>\n<meta property=\"og:locale\" content=\"fr_FR\" \/>\n<meta property=\"og:type\" content=\"article\" \/>\n<meta property=\"og:title\" content=\"Ensemble d&#039;accessoires de garage OVO pour syst\u00e8me d&#039;aspirateurs centraux - Id\u00e9al pour les surfaces dures, b\u00e9ton et tapis \u00e0 poils courts - Ovo Vacuum\" \/>\n<meta property=\"og:description\" content=\"Ensemble d&rsquo;accessoires id\u00e9al pour les surfaces dures, le b\u00e9ton et tapis \u00e0 poils court Boyau bas-voltage \u00e0 air direct de 30 pi (9,10 m) L&rsquo;aspirateur d\u00e9marre d\u00e8s que le boyau est connect\u00e9 dans la prise et arr\u00eat lorsqu&rsquo;il est retir\u00e9 Brosse combo avec poils r\u00e9tractables, 12\u201d (30 cm) Tube t\u00e9lescopique r\u00e9glable, de 25,5\u201d (67 cm) \u00e0 [...]\" \/>\n<meta property=\"og:url\" content=\"https:\/\/myovo.ca\/fr\/produit\/ensemble-daccessoires-pour-le-garage\/\" \/>\n<meta property=\"og:site_name\" content=\"Ovo Vacuum\" \/>\n<meta property=\"article:publisher\" content=\"https:\/\/www.facebook.com\/nadairint\/\" \/>\n<meta property=\"article:modified_time\" content=\"2025-03-24T14:29:05+00:00\" \/>\n<meta property=\"og:image\" content=\"https:\/\/myovo.ca\/wp-content\/uploads\/2019\/07\/Garage_1-copie.jpg\" \/>\n\t<meta property=\"og:image:width\" content=\"1000\" \/>\n\t<meta property=\"og:image:height\" content=\"1000\" \/>\n\t<meta property=\"og:image:type\" content=\"image\/jpeg\" \/>\n<meta name=\"twitter:card\" content=\"summary_large_image\" \/>\n<meta name=\"twitter:label1\" content=\"Dur\u00e9e de lecture estim\u00e9e\" \/>\n\t<meta name=\"twitter:data1\" content=\"1 minute\" \/>\n<script type=\"application\/ld+json\" class=\"yoast-schema-graph\">{\"@context\":\"https:\/\/schema.org\",\"@graph\":[{\"@type\":\"WebPage\",\"@id\":\"https:\/\/myovo.ca\/fr\/produit\/ensemble-daccessoires-pour-le-garage\/\",\"url\":\"https:\/\/myovo.ca\/fr\/produit\/ensemble-daccessoires-pour-le-garage\/\",\"name\":\"Ensemble d'accessoires de garage OVO pour syst\u00e8me d'aspirateurs centraux - Id\u00e9al pour les surfaces dures, b\u00e9ton et tapis \u00e0 poils courts - Ovo Vacuum\",\"isPartOf\":{\"@id\":\"https:\/\/myovo.ca\/#website\"},\"primaryImageOfPage\":{\"@id\":\"https:\/\/myovo.ca\/fr\/produit\/ensemble-daccessoires-pour-le-garage\/#primaryimage\"},\"image\":{\"@id\":\"https:\/\/myovo.ca\/fr\/produit\/ensemble-daccessoires-pour-le-garage\/#primaryimage\"},\"thumbnailUrl\":\"https:\/\/i0.wp.com\/myovo.ca\/wp-content\/uploads\/2019\/07\/Garage_1-copie.jpg?fit=1000%2C1000&ssl=1\",\"datePublished\":\"2019-07-02T15:34:22+00:00\",\"dateModified\":\"2025-03-24T14:29:05+00:00\",\"breadcrumb\":{\"@id\":\"https:\/\/myovo.ca\/fr\/produit\/ensemble-daccessoires-pour-le-garage\/#breadcrumb\"},\"inLanguage\":\"fr-FR\",\"potentialAction\":[{\"@type\":\"ReadAction\",\"target\":[\"https:\/\/myovo.ca\/fr\/produit\/ensemble-daccessoires-pour-le-garage\/\"]}]},{\"@type\":\"ImageObject\",\"inLanguage\":\"fr-FR\",\"@id\":\"https:\/\/myovo.ca\/fr\/produit\/ensemble-daccessoires-pour-le-garage\/#primaryimage\",\"url\":\"https:\/\/i0.wp.com\/myovo.ca\/wp-content\/uploads\/2019\/07\/Garage_1-copie.jpg?fit=1000%2C1000&ssl=1\",\"contentUrl\":\"https:\/\/i0.wp.com\/myovo.ca\/wp-content\/uploads\/2019\/07\/Garage_1-copie.jpg?fit=1000%2C1000&ssl=1\",\"width\":1000,\"height\":1000},{\"@type\":\"BreadcrumbList\",\"@id\":\"https:\/\/myovo.ca\/fr\/produit\/ensemble-daccessoires-pour-le-garage\/#breadcrumb\",\"itemListElement\":[{\"@type\":\"ListItem\",\"position\":1,\"name\":\"Home\",\"item\":\"https:\/\/myovo.ca\/fr\/\"},{\"@type\":\"ListItem\",\"position\":2,\"name\":\"Shop\",\"item\":\"https:\/\/myovo.ca\/fr\/magasiner-les-meilleurs-aspirateurs-centraux-au-canada\/\"},{\"@type\":\"ListItem\",\"position\":3,\"name\":\"Ensemble d&#8217;accessoires de garage OVO pour syst\u00e8me d&#8217;aspirateurs centraux &#8211; Id\u00e9al pour les surfaces dures, b\u00e9ton et tapis \u00e0 poils courts\"}]},{\"@type\":\"WebSite\",\"@id\":\"https:\/\/myovo.ca\/#website\",\"url\":\"https:\/\/myovo.ca\/\",\"name\":\"OVO Central Vacuum\",\"description\":\"\",\"publisher\":{\"@id\":\"https:\/\/myovo.ca\/#organization\"},\"potentialAction\":[{\"@type\":\"SearchAction\",\"target\":{\"@type\":\"EntryPoint\",\"urlTemplate\":\"https:\/\/myovo.ca\/?s={search_term_string}\"},\"query-input\":{\"@type\":\"PropertyValueSpecification\",\"valueRequired\":true,\"valueName\":\"search_term_string\"}}],\"inLanguage\":\"fr-FR\"},{\"@type\":\"Organization\",\"@id\":\"https:\/\/myovo.ca\/#organization\",\"name\":\"OVO Central Vacuum\",\"url\":\"https:\/\/myovo.ca\/\",\"logo\":{\"@type\":\"ImageObject\",\"inLanguage\":\"fr-FR\",\"@id\":\"https:\/\/myovo.ca\/#\/schema\/logo\/image\/\",\"url\":\"https:\/\/i2.wp.com\/myovo.ca\/wp-content\/uploads\/2018\/04\/logo_ovo_p.png?fit=120%2C52&ssl=1\",\"contentUrl\":\"https:\/\/i2.wp.com\/myovo.ca\/wp-content\/uploads\/2018\/04\/logo_ovo_p.png?fit=120%2C52&ssl=1\",\"width\":120,\"height\":52,\"caption\":\"OVO Central Vacuum\"},\"image\":{\"@id\":\"https:\/\/myovo.ca\/#\/schema\/logo\/image\/\"},\"sameAs\":[\"https:\/\/www.facebook.com\/nadairint\/\"]}]}<\/script>\n<!-- \/ Yoast SEO plugin. -->","yoast_head_json":{"title":"Ensemble d'accessoires de garage OVO pour syst\u00e8me d'aspirateurs centraux - Id\u00e9al pour les surfaces dures, b\u00e9ton et tapis \u00e0 poils courts - Ovo Vacuum","robots":{"index":"index","follow":"follow","max-snippet":"max-snippet:-1","max-image-preview":"max-image-preview:large","max-video-preview":"max-video-preview:-1"},"canonical":"https:\/\/myovo.ca\/fr\/produit\/ensemble-daccessoires-pour-le-garage\/","og_locale":"fr_FR","og_type":"article","og_title":"Ensemble d'accessoires de garage OVO pour syst\u00e8me d'aspirateurs centraux - Id\u00e9al pour les surfaces dures, b\u00e9ton et tapis \u00e0 poils courts - Ovo Vacuum","og_description":"Ensemble d&rsquo;accessoires id\u00e9al pour les surfaces dures, le b\u00e9ton et tapis \u00e0 poils court Boyau bas-voltage \u00e0 air direct de 30 pi (9,10 m) L&rsquo;aspirateur d\u00e9marre d\u00e8s que le boyau est connect\u00e9 dans la prise et arr\u00eat lorsqu&rsquo;il est retir\u00e9 Brosse combo avec poils r\u00e9tractables, 12\u201d (30 cm) Tube t\u00e9lescopique r\u00e9glable, de 25,5\u201d (67 cm) \u00e0 [...]","og_url":"https:\/\/myovo.ca\/fr\/produit\/ensemble-daccessoires-pour-le-garage\/","og_site_name":"Ovo Vacuum","article_publisher":"https:\/\/www.facebook.com\/nadairint\/","article_modified_time":"2025-03-24T14:29:05+00:00","og_image":[{"width":1000,"height":1000,"url":"https:\/\/myovo.ca\/wp-content\/uploads\/2019\/07\/Garage_1-copie.jpg","type":"image\/jpeg"}],"twitter_card":"summary_large_image","twitter_misc":{"Dur\u00e9e de lecture estim\u00e9e":"1 minute"},"schema":{"@context":"https:\/\/schema.org","@graph":[{"@type":"WebPage","@id":"https:\/\/myovo.ca\/fr\/produit\/ensemble-daccessoires-pour-le-garage\/","url":"https:\/\/myovo.ca\/fr\/produit\/ensemble-daccessoires-pour-le-garage\/","name":"Ensemble d'accessoires de garage OVO pour syst\u00e8me d'aspirateurs centraux - Id\u00e9al pour les surfaces dures, b\u00e9ton et tapis \u00e0 poils courts - Ovo Vacuum","isPartOf":{"@id":"https:\/\/myovo.ca\/#website"},"primaryImageOfPage":{"@id":"https:\/\/myovo.ca\/fr\/produit\/ensemble-daccessoires-pour-le-garage\/#primaryimage"},"image":{"@id":"https:\/\/myovo.ca\/fr\/produit\/ensemble-daccessoires-pour-le-garage\/#primaryimage"},"thumbnailUrl":"https:\/\/i0.wp.com\/myovo.ca\/wp-content\/uploads\/2019\/07\/Garage_1-copie.jpg?fit=1000%2C1000&ssl=1","datePublished":"2019-07-02T15:34:22+00:00","dateModified":"2025-03-24T14:29:05+00:00","breadcrumb":{"@id":"https:\/\/myovo.ca\/fr\/produit\/ensemble-daccessoires-pour-le-garage\/#breadcrumb"},"inLanguage":"fr-FR","potentialAction":[{"@type":"ReadAction","target":["https:\/\/myovo.ca\/fr\/produit\/ensemble-daccessoires-pour-le-garage\/"]}]},{"@type":"ImageObject","inLanguage":"fr-FR","@id":"https:\/\/myovo.ca\/fr\/produit\/ensemble-daccessoires-pour-le-garage\/#primaryimage","url":"https:\/\/i0.wp.com\/myovo.ca\/wp-content\/uploads\/2019\/07\/Garage_1-copie.jpg?fit=1000%2C1000&ssl=1","contentUrl":"https:\/\/i0.wp.com\/myovo.ca\/wp-content\/uploads\/2019\/07\/Garage_1-copie.jpg?fit=1000%2C1000&ssl=1","width":1000,"height":1000},{"@type":"BreadcrumbList","@id":"https:\/\/myovo.ca\/fr\/produit\/ensemble-daccessoires-pour-le-garage\/#breadcrumb","itemListElement":[{"@type":"ListItem","position":1,"name":"Home","item":"https:\/\/myovo.ca\/fr\/"},{"@type":"ListItem","position":2,"name":"Shop","item":"https:\/\/myovo.ca\/fr\/magasiner-les-meilleurs-aspirateurs-centraux-au-canada\/"},{"@type":"ListItem","position":3,"name":"Ensemble d&#8217;accessoires de garage OVO pour syst\u00e8me d&#8217;aspirateurs centraux &#8211; Id\u00e9al pour les surfaces dures, b\u00e9ton et tapis \u00e0 poils courts"}]},{"@type":"WebSite","@id":"https:\/\/myovo.ca\/#website","url":"https:\/\/myovo.ca\/","name":"OVO Central Vacuum","description":"","publisher":{"@id":"https:\/\/myovo.ca\/#organization"},"potentialAction":[{"@type":"SearchAction","target":{"@type":"EntryPoint","urlTemplate":"https:\/\/myovo.ca\/?s={search_term_string}"},"query-input":{"@type":"PropertyValueSpecification","valueRequired":true,"valueName":"search_term_string"}}],"inLanguage":"fr-FR"},{"@type":"Organization","@id":"https:\/\/myovo.ca\/#organization","name":"OVO Central Vacuum","url":"https:\/\/myovo.ca\/","logo":{"@type":"ImageObject","inLanguage":"fr-FR","@id":"https:\/\/myovo.ca\/#\/schema\/logo\/image\/","url":"https:\/\/i2.wp.com\/myovo.ca\/wp-content\/uploads\/2018\/04\/logo_ovo_p.png?fit=120%2C52&ssl=1","contentUrl":"https:\/\/i2.wp.com\/myovo.ca\/wp-content\/uploads\/2018\/04\/logo_ovo_p.png?fit=120%2C52&ssl=1","width":120,"height":52,"caption":"OVO Central Vacuum"},"image":{"@id":"https:\/\/myovo.ca\/#\/schema\/logo\/image\/"},"sameAs":["https:\/\/www.facebook.com\/nadairint\/"]}]}},"jetpack_publicize_connections":[],"jetpack_sharing_enabled":true,"_links":{"self":[{"href":"https:\/\/myovo.ca\/fr\/wp-json\/wp\/v2\/product\/14246","targetHints":{"allow":["GET"]}}],"collection":[{"href":"https:\/\/myovo.ca\/fr\/wp-json\/wp\/v2\/product"}],"about":[{"href":"https:\/\/myovo.ca\/fr\/wp-json\/wp\/v2\/types\/product"}],"replies":[{"embeddable":true,"href":"https:\/\/myovo.ca\/fr\/wp-json\/wp\/v2\/comments?post=14246"}],"wp:featuredmedia":[{"embeddable":true,"href":"https:\/\/myovo.ca\/fr\/wp-json\/wp\/v2\/media\/22193"}],"wp:attachment":[{"href":"https:\/\/myovo.ca\/fr\/wp-json\/wp\/v2\/media?parent=14246"}],"wp:term":[{"taxonomy":"product_brand","embeddable":true,"href":"https:\/\/myovo.ca\/fr\/wp-json\/wp\/v2\/product_brand?post=14246"},{"taxonomy":"product_cat","embeddable":true,"href":"https:\/\/myovo.ca\/fr\/wp-json\/wp\/v2\/product_cat?post=14246"},{"taxonomy":"product_tag","embeddable":true,"href":"https:\/\/myovo.ca\/fr\/wp-json\/wp\/v2\/product_tag?post=14246"}],"curies":[{"name":"wp","href":"https:\/\/api.w.org\/{rel}","templated":true}]}}