{"id":14735,"date":"2020-05-29T11:39:39","date_gmt":"2020-05-29T15:39:39","guid":{"rendered":"https:\/\/myovo.ca\/?post_type=product&#038;p=14735"},"modified":"2020-05-29T11:48:49","modified_gmt":"2020-05-29T15:48:49","slug":"batteur-a-tapis-a-air","status":"publish","type":"product","link":"https:\/\/myovo.ca\/fr\/produit\/batteur-a-tapis-a-air\/","title":{"rendered":"Batteur \u00e0 tapis \u00e0 air"},"content":{"rendered":"<ul>\n<li>S&rsquo;adapte \u00e0 tous les syst\u00e8me d&rsquo;aspirateur utilisant un manchon et\/ou un embout de boyau de 1.25\u00a0\u00bb de diam\u00e8tre<\/li>\n<li>Activ\u00e9 \u00e0 l&rsquo;air ( Non \u00e9lectrique)<\/li>\n<li>Id\u00e9al pour les carpettes d&rsquo;entr\u00e9s et les tapis<\/li>\n<li>12 pouces<\/li>\n<\/ul>\n","protected":false},"excerpt":{"rendered":"<p>S&rsquo;adapte \u00e0 tous les syst\u00e8me d&rsquo;aspirateur utilisant un manchon et\/ou un embout de boyau de 1.25\u00a0\u00bb de diam\u00e8tre Activ\u00e9 \u00e0 l&rsquo;air ( Non \u00e9lectrique) Id\u00e9al pour les carpettes d&rsquo;entr\u00e9s et les tapis 12 pouces<\/p>\n","protected":false},"featured_media":22197,"comment_status":"closed","ping_status":"closed","template":"","meta":{"_acf_changed":false,"jetpack_post_was_ever_published":false,"jetpack_publicize_message":"","jetpack_publicize_feature_enabled":true,"jetpack_social_post_already_shared":true,"jetpack_social_options":{"image_generator_settings":{"template":"highway","default_image_id":0,"font":"","enabled":false},"version":2}},"product_brand":[],"product_cat":[71],"product_tag":[],"class_list":{"0":"post-14735","1":"product","2":"type-product","3":"status-publish","4":"has-post-thumbnail","6":"product_cat-accessory-fr","7":"product_shipping_class-brush-fr","9":"first","10":"instock","11":"taxable","12":"shipping-taxable","13":"purchasable","14":"product-type-simple"},"acf":[],"yoast_head":"<!-- This site is optimized with the Yoast SEO plugin v26.8 - https:\/\/yoast.com\/product\/yoast-seo-wordpress\/ -->\n<title>Batteur \u00e0 tapis \u00e0 air - Ovo Vacuum<\/title>\n<meta name=\"description\" content=\"Brosse \u00e0 plancher 12&#039;&#039; pour aspirateur Central OVO. Id\u00e9al pour surfaces dures. Poil en crin de cheval: Ne grafigne pas. 1.25&#039;&#039; de diam\u00e8tre.\" \/>\n<meta name=\"robots\" content=\"index, follow, max-snippet:-1, max-image-preview:large, max-video-preview:-1\" \/>\n<link rel=\"canonical\" href=\"https:\/\/myovo.ca\/fr\/produit\/batteur-a-tapis-a-air\/\" \/>\n<meta property=\"og:locale\" content=\"fr_FR\" \/>\n<meta property=\"og:type\" content=\"article\" \/>\n<meta property=\"og:title\" content=\"Batteur \u00e0 tapis \u00e0 air - Ovo Vacuum\" \/>\n<meta property=\"og:description\" content=\"Brosse \u00e0 plancher 12&#039;&#039; pour aspirateur Central OVO. Id\u00e9al pour surfaces dures. Poil en crin de cheval: Ne grafigne pas. 1.25&#039;&#039; de diam\u00e8tre.\" \/>\n<meta property=\"og:url\" content=\"https:\/\/myovo.ca\/fr\/produit\/batteur-a-tapis-a-air\/\" \/>\n<meta property=\"og:site_name\" content=\"Ovo Vacuum\" \/>\n<meta property=\"article:publisher\" content=\"https:\/\/www.facebook.com\/nadairint\/\" \/>\n<meta property=\"article:modified_time\" content=\"2020-05-29T15:48:49+00:00\" \/>\n<meta property=\"og:image\" content=\"https:\/\/i0.wp.com\/myovo.ca\/wp-content\/uploads\/2020\/05\/CARPET-DELUXE_4.jpg?fit=1000%2C1000&ssl=1\" \/>\n\t<meta property=\"og:image:width\" content=\"1000\" \/>\n\t<meta property=\"og:image:height\" content=\"1000\" \/>\n\t<meta property=\"og:image:type\" content=\"image\/jpeg\" \/>\n<meta name=\"twitter:card\" content=\"summary_large_image\" \/>\n<script type=\"application\/ld+json\" class=\"yoast-schema-graph\">{\"@context\":\"https:\/\/schema.org\",\"@graph\":[{\"@type\":\"WebPage\",\"@id\":\"https:\/\/myovo.ca\/fr\/produit\/batteur-a-tapis-a-air\/\",\"url\":\"https:\/\/myovo.ca\/fr\/produit\/batteur-a-tapis-a-air\/\",\"name\":\"Batteur \u00e0 tapis \u00e0 air - Ovo Vacuum\",\"isPartOf\":{\"@id\":\"https:\/\/myovo.ca\/#website\"},\"primaryImageOfPage\":{\"@id\":\"https:\/\/myovo.ca\/fr\/produit\/batteur-a-tapis-a-air\/#primaryimage\"},\"image\":{\"@id\":\"https:\/\/myovo.ca\/fr\/produit\/batteur-a-tapis-a-air\/#primaryimage\"},\"thumbnailUrl\":\"https:\/\/i0.wp.com\/myovo.ca\/wp-content\/uploads\/2020\/05\/284-copie.jpg?fit=1000%2C1000&ssl=1\",\"datePublished\":\"2020-05-29T15:39:39+00:00\",\"dateModified\":\"2020-05-29T15:48:49+00:00\",\"description\":\"Brosse \u00e0 plancher 12'' pour aspirateur Central OVO. Id\u00e9al pour surfaces dures. Poil en crin de cheval: Ne grafigne pas. 1.25'' de diam\u00e8tre.\",\"breadcrumb\":{\"@id\":\"https:\/\/myovo.ca\/fr\/produit\/batteur-a-tapis-a-air\/#breadcrumb\"},\"inLanguage\":\"fr-FR\",\"potentialAction\":[{\"@type\":\"ReadAction\",\"target\":[\"https:\/\/myovo.ca\/fr\/produit\/batteur-a-tapis-a-air\/\"]}]},{\"@type\":\"ImageObject\",\"inLanguage\":\"fr-FR\",\"@id\":\"https:\/\/myovo.ca\/fr\/produit\/batteur-a-tapis-a-air\/#primaryimage\",\"url\":\"https:\/\/i0.wp.com\/myovo.ca\/wp-content\/uploads\/2020\/05\/284-copie.jpg?fit=1000%2C1000&ssl=1\",\"contentUrl\":\"https:\/\/i0.wp.com\/myovo.ca\/wp-content\/uploads\/2020\/05\/284-copie.jpg?fit=1000%2C1000&ssl=1\",\"width\":1000,\"height\":1000},{\"@type\":\"BreadcrumbList\",\"@id\":\"https:\/\/myovo.ca\/fr\/produit\/batteur-a-tapis-a-air\/#breadcrumb\",\"itemListElement\":[{\"@type\":\"ListItem\",\"position\":1,\"name\":\"Home\",\"item\":\"https:\/\/myovo.ca\/fr\/\"},{\"@type\":\"ListItem\",\"position\":2,\"name\":\"Shop\",\"item\":\"https:\/\/myovo.ca\/fr\/magasiner-les-meilleurs-aspirateurs-centraux-au-canada\/\"},{\"@type\":\"ListItem\",\"position\":3,\"name\":\"Batteur \u00e0 tapis \u00e0 air\"}]},{\"@type\":\"WebSite\",\"@id\":\"https:\/\/myovo.ca\/#website\",\"url\":\"https:\/\/myovo.ca\/\",\"name\":\"OVO Central Vacuum\",\"description\":\"\",\"publisher\":{\"@id\":\"https:\/\/myovo.ca\/#organization\"},\"potentialAction\":[{\"@type\":\"SearchAction\",\"target\":{\"@type\":\"EntryPoint\",\"urlTemplate\":\"https:\/\/myovo.ca\/?s={search_term_string}\"},\"query-input\":{\"@type\":\"PropertyValueSpecification\",\"valueRequired\":true,\"valueName\":\"search_term_string\"}}],\"inLanguage\":\"fr-FR\"},{\"@type\":\"Organization\",\"@id\":\"https:\/\/myovo.ca\/#organization\",\"name\":\"OVO Central Vacuum\",\"url\":\"https:\/\/myovo.ca\/\",\"logo\":{\"@type\":\"ImageObject\",\"inLanguage\":\"fr-FR\",\"@id\":\"https:\/\/myovo.ca\/#\/schema\/logo\/image\/\",\"url\":\"https:\/\/i2.wp.com\/myovo.ca\/wp-content\/uploads\/2018\/04\/logo_ovo_p.png?fit=120%2C52&ssl=1\",\"contentUrl\":\"https:\/\/i2.wp.com\/myovo.ca\/wp-content\/uploads\/2018\/04\/logo_ovo_p.png?fit=120%2C52&ssl=1\",\"width\":120,\"height\":52,\"caption\":\"OVO Central Vacuum\"},\"image\":{\"@id\":\"https:\/\/myovo.ca\/#\/schema\/logo\/image\/\"},\"sameAs\":[\"https:\/\/www.facebook.com\/nadairint\/\"]}]}<\/script>\n<!-- \/ Yoast SEO plugin. -->","yoast_head_json":{"title":"Batteur \u00e0 tapis \u00e0 air - Ovo Vacuum","description":"Brosse \u00e0 plancher 12'' pour aspirateur Central OVO. Id\u00e9al pour surfaces dures. Poil en crin de cheval: Ne grafigne pas. 1.25'' de diam\u00e8tre.","robots":{"index":"index","follow":"follow","max-snippet":"max-snippet:-1","max-image-preview":"max-image-preview:large","max-video-preview":"max-video-preview:-1"},"canonical":"https:\/\/myovo.ca\/fr\/produit\/batteur-a-tapis-a-air\/","og_locale":"fr_FR","og_type":"article","og_title":"Batteur \u00e0 tapis \u00e0 air - Ovo Vacuum","og_description":"Brosse \u00e0 plancher 12'' pour aspirateur Central OVO. Id\u00e9al pour surfaces dures. Poil en crin de cheval: Ne grafigne pas. 1.25'' de diam\u00e8tre.","og_url":"https:\/\/myovo.ca\/fr\/produit\/batteur-a-tapis-a-air\/","og_site_name":"Ovo Vacuum","article_publisher":"https:\/\/www.facebook.com\/nadairint\/","article_modified_time":"2020-05-29T15:48:49+00:00","og_image":[{"width":1000,"height":1000,"url":"https:\/\/i0.wp.com\/myovo.ca\/wp-content\/uploads\/2020\/05\/CARPET-DELUXE_4.jpg?fit=1000%2C1000&ssl=1","type":"image\/jpeg"}],"twitter_card":"summary_large_image","schema":{"@context":"https:\/\/schema.org","@graph":[{"@type":"WebPage","@id":"https:\/\/myovo.ca\/fr\/produit\/batteur-a-tapis-a-air\/","url":"https:\/\/myovo.ca\/fr\/produit\/batteur-a-tapis-a-air\/","name":"Batteur \u00e0 tapis \u00e0 air - Ovo Vacuum","isPartOf":{"@id":"https:\/\/myovo.ca\/#website"},"primaryImageOfPage":{"@id":"https:\/\/myovo.ca\/fr\/produit\/batteur-a-tapis-a-air\/#primaryimage"},"image":{"@id":"https:\/\/myovo.ca\/fr\/produit\/batteur-a-tapis-a-air\/#primaryimage"},"thumbnailUrl":"https:\/\/i0.wp.com\/myovo.ca\/wp-content\/uploads\/2020\/05\/284-copie.jpg?fit=1000%2C1000&ssl=1","datePublished":"2020-05-29T15:39:39+00:00","dateModified":"2020-05-29T15:48:49+00:00","description":"Brosse \u00e0 plancher 12'' pour aspirateur Central OVO. Id\u00e9al pour surfaces dures. Poil en crin de cheval: Ne grafigne pas. 1.25'' de diam\u00e8tre.","breadcrumb":{"@id":"https:\/\/myovo.ca\/fr\/produit\/batteur-a-tapis-a-air\/#breadcrumb"},"inLanguage":"fr-FR","potentialAction":[{"@type":"ReadAction","target":["https:\/\/myovo.ca\/fr\/produit\/batteur-a-tapis-a-air\/"]}]},{"@type":"ImageObject","inLanguage":"fr-FR","@id":"https:\/\/myovo.ca\/fr\/produit\/batteur-a-tapis-a-air\/#primaryimage","url":"https:\/\/i0.wp.com\/myovo.ca\/wp-content\/uploads\/2020\/05\/284-copie.jpg?fit=1000%2C1000&ssl=1","contentUrl":"https:\/\/i0.wp.com\/myovo.ca\/wp-content\/uploads\/2020\/05\/284-copie.jpg?fit=1000%2C1000&ssl=1","width":1000,"height":1000},{"@type":"BreadcrumbList","@id":"https:\/\/myovo.ca\/fr\/produit\/batteur-a-tapis-a-air\/#breadcrumb","itemListElement":[{"@type":"ListItem","position":1,"name":"Home","item":"https:\/\/myovo.ca\/fr\/"},{"@type":"ListItem","position":2,"name":"Shop","item":"https:\/\/myovo.ca\/fr\/magasiner-les-meilleurs-aspirateurs-centraux-au-canada\/"},{"@type":"ListItem","position":3,"name":"Batteur \u00e0 tapis \u00e0 air"}]},{"@type":"WebSite","@id":"https:\/\/myovo.ca\/#website","url":"https:\/\/myovo.ca\/","name":"OVO Central Vacuum","description":"","publisher":{"@id":"https:\/\/myovo.ca\/#organization"},"potentialAction":[{"@type":"SearchAction","target":{"@type":"EntryPoint","urlTemplate":"https:\/\/myovo.ca\/?s={search_term_string}"},"query-input":{"@type":"PropertyValueSpecification","valueRequired":true,"valueName":"search_term_string"}}],"inLanguage":"fr-FR"},{"@type":"Organization","@id":"https:\/\/myovo.ca\/#organization","name":"OVO Central Vacuum","url":"https:\/\/myovo.ca\/","logo":{"@type":"ImageObject","inLanguage":"fr-FR","@id":"https:\/\/myovo.ca\/#\/schema\/logo\/image\/","url":"https:\/\/i2.wp.com\/myovo.ca\/wp-content\/uploads\/2018\/04\/logo_ovo_p.png?fit=120%2C52&ssl=1","contentUrl":"https:\/\/i2.wp.com\/myovo.ca\/wp-content\/uploads\/2018\/04\/logo_ovo_p.png?fit=120%2C52&ssl=1","width":120,"height":52,"caption":"OVO Central Vacuum"},"image":{"@id":"https:\/\/myovo.ca\/#\/schema\/logo\/image\/"},"sameAs":["https:\/\/www.facebook.com\/nadairint\/"]}]}},"jetpack_publicize_connections":[],"jetpack_sharing_enabled":true,"_links":{"self":[{"href":"https:\/\/myovo.ca\/fr\/wp-json\/wp\/v2\/product\/14735","targetHints":{"allow":["GET"]}}],"collection":[{"href":"https:\/\/myovo.ca\/fr\/wp-json\/wp\/v2\/product"}],"about":[{"href":"https:\/\/myovo.ca\/fr\/wp-json\/wp\/v2\/types\/product"}],"replies":[{"embeddable":true,"href":"https:\/\/myovo.ca\/fr\/wp-json\/wp\/v2\/comments?post=14735"}],"wp:featuredmedia":[{"embeddable":true,"href":"https:\/\/myovo.ca\/fr\/wp-json\/wp\/v2\/media\/22197"}],"wp:attachment":[{"href":"https:\/\/myovo.ca\/fr\/wp-json\/wp\/v2\/media?parent=14735"}],"wp:term":[{"taxonomy":"product_brand","embeddable":true,"href":"https:\/\/myovo.ca\/fr\/wp-json\/wp\/v2\/product_brand?post=14735"},{"taxonomy":"product_cat","embeddable":true,"href":"https:\/\/myovo.ca\/fr\/wp-json\/wp\/v2\/product_cat?post=14735"},{"taxonomy":"product_tag","embeddable":true,"href":"https:\/\/myovo.ca\/fr\/wp-json\/wp\/v2\/product_tag?post=14735"}],"curies":[{"name":"wp","href":"https:\/\/api.w.org\/{rel}","templated":true}]}}