{"id":15528,"date":"2021-06-07T08:48:19","date_gmt":"2021-06-07T12:48:19","guid":{"rendered":"https:\/\/myovo.ca\/?post_type=product&#038;p=15528"},"modified":"2025-04-08T15:59:22","modified_gmt":"2025-04-08T19:59:22","slug":"aspirateur-central-ovo-de-haute-perfomanceensemble-daccessoires-deluxe-plus-copy-copy","status":"publish","type":"product","link":"https:\/\/myovo.ca\/fr\/produit\/aspirateur-central-ovo-de-haute-perfomanceensemble-daccessoires-deluxe-plus-copy-copy\/","title":{"rendered":"OVO 700 Airwatts, Syst\u00e8me d&rsquo;Aspiration Central Hybride, 35L \/ 9,25 Gal. Cuve \u00e0 chargement par le bas, 140\u201d H2O Puissance d\u2019aspiration, couvre jusqu\u2019\u00e0 8 000 pi\u00b2 (743,1 m\u00b2) + Ensemble Turbo Brosse de 35 pi (10,7 m) \u2013 Id\u00e9al pour surfaces dures et tapis d\u2019appoint"},"content":{"rendered":"<ul>\n<li>700 AW<\/li>\n<li>140\u2019\u2019 H2O<\/li>\n<li>63 dB<\/li>\n<li>35L \/ 9.25 Gal.<\/li>\n<li>Moteur 2-\u00e9tages, \u00ab\u00a0Thru-flow\u00a0\u00bb<\/li>\n<li>Technologie progressive marche\/arr\u00eat<\/li>\n<li>8 000 pi<sup>2<\/sup> \/ 743.1 m<sup>2<\/sup><\/li>\n<li>Jusqu\u2019\u00e0 8 prises<\/li>\n<li>Chargement inf\u00e9rieur<\/li>\n<li>Indicateur DEL: Affiche l&rsquo;\u00e9tat de l&rsquo;appareil et un rappel de vider la cuve<\/li>\n<li>Syst\u00e8me de filtration hybride cyclonique : Peut \u00eatre utilis\u00e9e avec ou sans sac de filtration jetable. Filtre jusqu\u2019\u00e0 99.97%<\/li>\n<li>Acier Roul\u00e9 : R\u00e9sistant \u00e0 l\u2019usure et \u00e0 la corrosion<\/li>\n<\/ul>\n<p><strong>L&rsquo;ensemble comprend<\/strong><\/p>\n<ul>\n<li data-start=\"0\" data-end=\"165\">Tuyau basse tension de 35\u2019 (9,10 m) avec interrupteur marche\/arr\u00eat sur la poign\u00e9e<\/li>\n<li data-start=\"167\" data-end=\"625\">Brosse turbo pour tapis \u00e0 air, 11\u201d (27,95 cm)<\/li>\n<li data-start=\"167\" data-end=\"625\">Brosse de sol avec poils de cheval, 12\u201d (30 cm)<\/li>\n<li data-start=\"167\" data-end=\"625\">Manchon t\u00e9lescopique ajustable, de 25,5\u201d (67 cm) \u00e0 38\u201d (100 cm)<\/li>\n<li data-start=\"167\" data-end=\"625\">Brosse \u00e0 capitonnage avec poils de cheval, 5\u201d (14 cm)<\/li>\n<li data-start=\"167\" data-end=\"625\">Brosse \u00e0 \u00e9poussetage avec poils de cheval, 4\u201d (10 cm)<\/li>\n<li data-start=\"167\" data-end=\"625\">Suceur plat, 10\u201d (25 cm)<\/li>\n<li data-start=\"167\" data-end=\"625\">Suceur plat (porte-accessoires pour tube)<\/li>\n<li data-start=\"167\" data-end=\"625\">Support chrom\u00e9 pour boyau et sac de rangement pour accessoires<\/li>\n<\/ul>\n<p>&nbsp;<\/p>\n","protected":false},"excerpt":{"rendered":"<p>700 AW 140\u2019\u2019 H2O 63 dB 35L \/ 9.25 Gal. Moteur 2-\u00e9tages, \u00ab\u00a0Thru-flow\u00a0\u00bb Technologie progressive marche\/arr\u00eat 8 000 pi2 \/ 743.1 m2 Jusqu\u2019\u00e0 8 prises Chargement inf\u00e9rieur Indicateur DEL: Affiche l&rsquo;\u00e9tat de l&rsquo;appareil et un rappel de vider la cuve Syst\u00e8me de filtration hybride cyclonique : Peut \u00eatre utilis\u00e9e avec ou sans sac de filtration jetable.  [&#8230;]<\/p>\n","protected":false},"featured_media":21798,"comment_status":"closed","ping_status":"closed","template":"","meta":{"_acf_changed":false,"jetpack_post_was_ever_published":false,"jetpack_publicize_message":"","jetpack_publicize_feature_enabled":true,"jetpack_social_post_already_shared":true,"jetpack_social_options":{"image_generator_settings":{"template":"highway","default_image_id":0,"font":"","enabled":false},"version":2}},"product_brand":[],"product_cat":[75,128],"product_tag":[],"class_list":{"0":"post-15528","1":"product","2":"type-product","3":"status-publish","4":"has-post-thumbnail","6":"product_cat-packs","7":"product_cat-promotions","8":"product_shipping_class-brush-fr","10":"first","11":"instock","12":"sale","13":"featured","14":"taxable","15":"shipping-taxable","16":"purchasable","17":"product-type-simple"},"acf":[],"yoast_head":"<!-- This site is optimized with the Yoast SEO plugin v26.8 - https:\/\/yoast.com\/product\/yoast-seo-wordpress\/ -->\n<title>OVO 700 Airwatts, Syst\u00e8me d&#039;Aspiration Central Hybride, 35L \/ 9,25 Gal. Cuve \u00e0 chargement par le bas, 140\u201d H2O Puissance d\u2019aspiration, couvre jusqu\u2019\u00e0 8 000 pi\u00b2 (743,1 m\u00b2) + Ensemble Turbo Brosse de 35 pi (10,7 m) \u2013 Id\u00e9al pour surfaces dures et tapis d\u2019appoint - Ovo Vacuum<\/title>\n<meta name=\"robots\" content=\"index, follow, max-snippet:-1, max-image-preview:large, max-video-preview:-1\" \/>\n<link rel=\"canonical\" href=\"https:\/\/myovo.ca\/fr\/produit\/aspirateur-central-ovo-de-haute-perfomanceensemble-daccessoires-deluxe-plus-copy-copy\/\" \/>\n<meta property=\"og:locale\" content=\"fr_FR\" \/>\n<meta property=\"og:type\" content=\"article\" \/>\n<meta property=\"og:title\" content=\"OVO 700 Airwatts, Syst\u00e8me d&#039;Aspiration Central Hybride, 35L \/ 9,25 Gal. Cuve \u00e0 chargement par le bas, 140\u201d H2O Puissance d\u2019aspiration, couvre jusqu\u2019\u00e0 8 000 pi\u00b2 (743,1 m\u00b2) + Ensemble Turbo Brosse de 35 pi (10,7 m) \u2013 Id\u00e9al pour surfaces dures et tapis d\u2019appoint - Ovo Vacuum\" \/>\n<meta property=\"og:description\" content=\"700 AW 140\u2019\u2019 H2O 63 dB 35L \/ 9.25 Gal. Moteur 2-\u00e9tages, \u00ab\u00a0Thru-flow\u00a0\u00bb Technologie progressive marche\/arr\u00eat 8 000 pi2 \/ 743.1 m2 Jusqu\u2019\u00e0 8 prises Chargement inf\u00e9rieur Indicateur DEL: Affiche l&rsquo;\u00e9tat de l&rsquo;appareil et un rappel de vider la cuve Syst\u00e8me de filtration hybride cyclonique : Peut \u00eatre utilis\u00e9e avec ou sans sac de filtration jetable. [...]\" \/>\n<meta property=\"og:url\" content=\"https:\/\/myovo.ca\/fr\/produit\/aspirateur-central-ovo-de-haute-perfomanceensemble-daccessoires-deluxe-plus-copy-copy\/\" \/>\n<meta property=\"og:site_name\" content=\"Ovo Vacuum\" \/>\n<meta property=\"article:publisher\" content=\"https:\/\/www.facebook.com\/nadairint\/\" \/>\n<meta property=\"article:modified_time\" content=\"2025-04-08T19:59:22+00:00\" \/>\n<meta property=\"og:image\" content=\"https:\/\/myovo.ca\/wp-content\/uploads\/2021\/06\/Pack70DP-turbo-copie.jpg\" \/>\n\t<meta property=\"og:image:width\" content=\"1500\" \/>\n\t<meta property=\"og:image:height\" content=\"1500\" \/>\n\t<meta property=\"og:image:type\" content=\"image\/jpeg\" \/>\n<meta name=\"twitter:card\" content=\"summary_large_image\" \/>\n<meta name=\"twitter:label1\" content=\"Dur\u00e9e de lecture estim\u00e9e\" \/>\n\t<meta name=\"twitter:data1\" content=\"1 minute\" \/>\n<script type=\"application\/ld+json\" class=\"yoast-schema-graph\">{\"@context\":\"https:\/\/schema.org\",\"@graph\":[{\"@type\":\"WebPage\",\"@id\":\"https:\/\/myovo.ca\/fr\/produit\/aspirateur-central-ovo-de-haute-perfomanceensemble-daccessoires-deluxe-plus-copy-copy\/\",\"url\":\"https:\/\/myovo.ca\/fr\/produit\/aspirateur-central-ovo-de-haute-perfomanceensemble-daccessoires-deluxe-plus-copy-copy\/\",\"name\":\"OVO 700 Airwatts, Syst\u00e8me d'Aspiration Central Hybride, 35L \/ 9,25 Gal. Cuve \u00e0 chargement par le bas, 140\u201d H2O Puissance d\u2019aspiration, couvre jusqu\u2019\u00e0 8 000 pi\u00b2 (743,1 m\u00b2) + Ensemble Turbo Brosse de 35 pi (10,7 m) \u2013 Id\u00e9al pour surfaces dures et tapis d\u2019appoint - Ovo Vacuum\",\"isPartOf\":{\"@id\":\"https:\/\/myovo.ca\/#website\"},\"primaryImageOfPage\":{\"@id\":\"https:\/\/myovo.ca\/fr\/produit\/aspirateur-central-ovo-de-haute-perfomanceensemble-daccessoires-deluxe-plus-copy-copy\/#primaryimage\"},\"image\":{\"@id\":\"https:\/\/myovo.ca\/fr\/produit\/aspirateur-central-ovo-de-haute-perfomanceensemble-daccessoires-deluxe-plus-copy-copy\/#primaryimage\"},\"thumbnailUrl\":\"https:\/\/i0.wp.com\/myovo.ca\/wp-content\/uploads\/2021\/06\/Pack70DP-turbo-copie.jpg?fit=1500%2C1500&ssl=1\",\"datePublished\":\"2021-06-07T12:48:19+00:00\",\"dateModified\":\"2025-04-08T19:59:22+00:00\",\"breadcrumb\":{\"@id\":\"https:\/\/myovo.ca\/fr\/produit\/aspirateur-central-ovo-de-haute-perfomanceensemble-daccessoires-deluxe-plus-copy-copy\/#breadcrumb\"},\"inLanguage\":\"fr-FR\",\"potentialAction\":[{\"@type\":\"ReadAction\",\"target\":[\"https:\/\/myovo.ca\/fr\/produit\/aspirateur-central-ovo-de-haute-perfomanceensemble-daccessoires-deluxe-plus-copy-copy\/\"]}]},{\"@type\":\"ImageObject\",\"inLanguage\":\"fr-FR\",\"@id\":\"https:\/\/myovo.ca\/fr\/produit\/aspirateur-central-ovo-de-haute-perfomanceensemble-daccessoires-deluxe-plus-copy-copy\/#primaryimage\",\"url\":\"https:\/\/i0.wp.com\/myovo.ca\/wp-content\/uploads\/2021\/06\/Pack70DP-turbo-copie.jpg?fit=1500%2C1500&ssl=1\",\"contentUrl\":\"https:\/\/i0.wp.com\/myovo.ca\/wp-content\/uploads\/2021\/06\/Pack70DP-turbo-copie.jpg?fit=1500%2C1500&ssl=1\",\"width\":1500,\"height\":1500,\"caption\":\"OVO central vacuum 700AW with turbo brush\"},{\"@type\":\"BreadcrumbList\",\"@id\":\"https:\/\/myovo.ca\/fr\/produit\/aspirateur-central-ovo-de-haute-perfomanceensemble-daccessoires-deluxe-plus-copy-copy\/#breadcrumb\",\"itemListElement\":[{\"@type\":\"ListItem\",\"position\":1,\"name\":\"Home\",\"item\":\"https:\/\/myovo.ca\/fr\/\"},{\"@type\":\"ListItem\",\"position\":2,\"name\":\"Shop\",\"item\":\"https:\/\/myovo.ca\/fr\/magasiner-les-meilleurs-aspirateurs-centraux-au-canada\/\"},{\"@type\":\"ListItem\",\"position\":3,\"name\":\"OVO 700 Airwatts, Syst\u00e8me d&#8217;Aspiration Central Hybride, 35L \/ 9,25 Gal. Cuve \u00e0 chargement par le bas, 140\u201d H2O Puissance d\u2019aspiration, couvre jusqu\u2019\u00e0 8 000 pi\u00b2 (743,1 m\u00b2) + Ensemble Turbo Brosse de 35 pi (10,7 m) \u2013 Id\u00e9al pour surfaces dures et tapis d\u2019appoint\"}]},{\"@type\":\"WebSite\",\"@id\":\"https:\/\/myovo.ca\/#website\",\"url\":\"https:\/\/myovo.ca\/\",\"name\":\"OVO Central Vacuum\",\"description\":\"\",\"publisher\":{\"@id\":\"https:\/\/myovo.ca\/#organization\"},\"potentialAction\":[{\"@type\":\"SearchAction\",\"target\":{\"@type\":\"EntryPoint\",\"urlTemplate\":\"https:\/\/myovo.ca\/?s={search_term_string}\"},\"query-input\":{\"@type\":\"PropertyValueSpecification\",\"valueRequired\":true,\"valueName\":\"search_term_string\"}}],\"inLanguage\":\"fr-FR\"},{\"@type\":\"Organization\",\"@id\":\"https:\/\/myovo.ca\/#organization\",\"name\":\"OVO Central Vacuum\",\"url\":\"https:\/\/myovo.ca\/\",\"logo\":{\"@type\":\"ImageObject\",\"inLanguage\":\"fr-FR\",\"@id\":\"https:\/\/myovo.ca\/#\/schema\/logo\/image\/\",\"url\":\"https:\/\/i2.wp.com\/myovo.ca\/wp-content\/uploads\/2018\/04\/logo_ovo_p.png?fit=120%2C52&ssl=1\",\"contentUrl\":\"https:\/\/i2.wp.com\/myovo.ca\/wp-content\/uploads\/2018\/04\/logo_ovo_p.png?fit=120%2C52&ssl=1\",\"width\":120,\"height\":52,\"caption\":\"OVO Central Vacuum\"},\"image\":{\"@id\":\"https:\/\/myovo.ca\/#\/schema\/logo\/image\/\"},\"sameAs\":[\"https:\/\/www.facebook.com\/nadairint\/\"]}]}<\/script>\n<!-- \/ Yoast SEO plugin. -->","yoast_head_json":{"title":"OVO 700 Airwatts, Syst\u00e8me d'Aspiration Central Hybride, 35L \/ 9,25 Gal. Cuve \u00e0 chargement par le bas, 140\u201d H2O Puissance d\u2019aspiration, couvre jusqu\u2019\u00e0 8 000 pi\u00b2 (743,1 m\u00b2) + Ensemble Turbo Brosse de 35 pi (10,7 m) \u2013 Id\u00e9al pour surfaces dures et tapis d\u2019appoint - Ovo Vacuum","robots":{"index":"index","follow":"follow","max-snippet":"max-snippet:-1","max-image-preview":"max-image-preview:large","max-video-preview":"max-video-preview:-1"},"canonical":"https:\/\/myovo.ca\/fr\/produit\/aspirateur-central-ovo-de-haute-perfomanceensemble-daccessoires-deluxe-plus-copy-copy\/","og_locale":"fr_FR","og_type":"article","og_title":"OVO 700 Airwatts, Syst\u00e8me d'Aspiration Central Hybride, 35L \/ 9,25 Gal. Cuve \u00e0 chargement par le bas, 140\u201d H2O Puissance d\u2019aspiration, couvre jusqu\u2019\u00e0 8 000 pi\u00b2 (743,1 m\u00b2) + Ensemble Turbo Brosse de 35 pi (10,7 m) \u2013 Id\u00e9al pour surfaces dures et tapis d\u2019appoint - Ovo Vacuum","og_description":"700 AW 140\u2019\u2019 H2O 63 dB 35L \/ 9.25 Gal. Moteur 2-\u00e9tages, \u00ab\u00a0Thru-flow\u00a0\u00bb Technologie progressive marche\/arr\u00eat 8 000 pi2 \/ 743.1 m2 Jusqu\u2019\u00e0 8 prises Chargement inf\u00e9rieur Indicateur DEL: Affiche l&rsquo;\u00e9tat de l&rsquo;appareil et un rappel de vider la cuve Syst\u00e8me de filtration hybride cyclonique : Peut \u00eatre utilis\u00e9e avec ou sans sac de filtration jetable. [...]","og_url":"https:\/\/myovo.ca\/fr\/produit\/aspirateur-central-ovo-de-haute-perfomanceensemble-daccessoires-deluxe-plus-copy-copy\/","og_site_name":"Ovo Vacuum","article_publisher":"https:\/\/www.facebook.com\/nadairint\/","article_modified_time":"2025-04-08T19:59:22+00:00","og_image":[{"width":1500,"height":1500,"url":"https:\/\/myovo.ca\/wp-content\/uploads\/2021\/06\/Pack70DP-turbo-copie.jpg","type":"image\/jpeg"}],"twitter_card":"summary_large_image","twitter_misc":{"Dur\u00e9e de lecture estim\u00e9e":"1 minute"},"schema":{"@context":"https:\/\/schema.org","@graph":[{"@type":"WebPage","@id":"https:\/\/myovo.ca\/fr\/produit\/aspirateur-central-ovo-de-haute-perfomanceensemble-daccessoires-deluxe-plus-copy-copy\/","url":"https:\/\/myovo.ca\/fr\/produit\/aspirateur-central-ovo-de-haute-perfomanceensemble-daccessoires-deluxe-plus-copy-copy\/","name":"OVO 700 Airwatts, Syst\u00e8me d'Aspiration Central Hybride, 35L \/ 9,25 Gal. Cuve \u00e0 chargement par le bas, 140\u201d H2O Puissance d\u2019aspiration, couvre jusqu\u2019\u00e0 8 000 pi\u00b2 (743,1 m\u00b2) + Ensemble Turbo Brosse de 35 pi (10,7 m) \u2013 Id\u00e9al pour surfaces dures et tapis d\u2019appoint - Ovo Vacuum","isPartOf":{"@id":"https:\/\/myovo.ca\/#website"},"primaryImageOfPage":{"@id":"https:\/\/myovo.ca\/fr\/produit\/aspirateur-central-ovo-de-haute-perfomanceensemble-daccessoires-deluxe-plus-copy-copy\/#primaryimage"},"image":{"@id":"https:\/\/myovo.ca\/fr\/produit\/aspirateur-central-ovo-de-haute-perfomanceensemble-daccessoires-deluxe-plus-copy-copy\/#primaryimage"},"thumbnailUrl":"https:\/\/i0.wp.com\/myovo.ca\/wp-content\/uploads\/2021\/06\/Pack70DP-turbo-copie.jpg?fit=1500%2C1500&ssl=1","datePublished":"2021-06-07T12:48:19+00:00","dateModified":"2025-04-08T19:59:22+00:00","breadcrumb":{"@id":"https:\/\/myovo.ca\/fr\/produit\/aspirateur-central-ovo-de-haute-perfomanceensemble-daccessoires-deluxe-plus-copy-copy\/#breadcrumb"},"inLanguage":"fr-FR","potentialAction":[{"@type":"ReadAction","target":["https:\/\/myovo.ca\/fr\/produit\/aspirateur-central-ovo-de-haute-perfomanceensemble-daccessoires-deluxe-plus-copy-copy\/"]}]},{"@type":"ImageObject","inLanguage":"fr-FR","@id":"https:\/\/myovo.ca\/fr\/produit\/aspirateur-central-ovo-de-haute-perfomanceensemble-daccessoires-deluxe-plus-copy-copy\/#primaryimage","url":"https:\/\/i0.wp.com\/myovo.ca\/wp-content\/uploads\/2021\/06\/Pack70DP-turbo-copie.jpg?fit=1500%2C1500&ssl=1","contentUrl":"https:\/\/i0.wp.com\/myovo.ca\/wp-content\/uploads\/2021\/06\/Pack70DP-turbo-copie.jpg?fit=1500%2C1500&ssl=1","width":1500,"height":1500,"caption":"OVO central vacuum 700AW with turbo brush"},{"@type":"BreadcrumbList","@id":"https:\/\/myovo.ca\/fr\/produit\/aspirateur-central-ovo-de-haute-perfomanceensemble-daccessoires-deluxe-plus-copy-copy\/#breadcrumb","itemListElement":[{"@type":"ListItem","position":1,"name":"Home","item":"https:\/\/myovo.ca\/fr\/"},{"@type":"ListItem","position":2,"name":"Shop","item":"https:\/\/myovo.ca\/fr\/magasiner-les-meilleurs-aspirateurs-centraux-au-canada\/"},{"@type":"ListItem","position":3,"name":"OVO 700 Airwatts, Syst\u00e8me d&#8217;Aspiration Central Hybride, 35L \/ 9,25 Gal. Cuve \u00e0 chargement par le bas, 140\u201d H2O Puissance d\u2019aspiration, couvre jusqu\u2019\u00e0 8 000 pi\u00b2 (743,1 m\u00b2) + Ensemble Turbo Brosse de 35 pi (10,7 m) \u2013 Id\u00e9al pour surfaces dures et tapis d\u2019appoint"}]},{"@type":"WebSite","@id":"https:\/\/myovo.ca\/#website","url":"https:\/\/myovo.ca\/","name":"OVO Central Vacuum","description":"","publisher":{"@id":"https:\/\/myovo.ca\/#organization"},"potentialAction":[{"@type":"SearchAction","target":{"@type":"EntryPoint","urlTemplate":"https:\/\/myovo.ca\/?s={search_term_string}"},"query-input":{"@type":"PropertyValueSpecification","valueRequired":true,"valueName":"search_term_string"}}],"inLanguage":"fr-FR"},{"@type":"Organization","@id":"https:\/\/myovo.ca\/#organization","name":"OVO Central Vacuum","url":"https:\/\/myovo.ca\/","logo":{"@type":"ImageObject","inLanguage":"fr-FR","@id":"https:\/\/myovo.ca\/#\/schema\/logo\/image\/","url":"https:\/\/i2.wp.com\/myovo.ca\/wp-content\/uploads\/2018\/04\/logo_ovo_p.png?fit=120%2C52&ssl=1","contentUrl":"https:\/\/i2.wp.com\/myovo.ca\/wp-content\/uploads\/2018\/04\/logo_ovo_p.png?fit=120%2C52&ssl=1","width":120,"height":52,"caption":"OVO Central Vacuum"},"image":{"@id":"https:\/\/myovo.ca\/#\/schema\/logo\/image\/"},"sameAs":["https:\/\/www.facebook.com\/nadairint\/"]}]}},"jetpack_publicize_connections":[],"jetpack_sharing_enabled":true,"_links":{"self":[{"href":"https:\/\/myovo.ca\/fr\/wp-json\/wp\/v2\/product\/15528","targetHints":{"allow":["GET"]}}],"collection":[{"href":"https:\/\/myovo.ca\/fr\/wp-json\/wp\/v2\/product"}],"about":[{"href":"https:\/\/myovo.ca\/fr\/wp-json\/wp\/v2\/types\/product"}],"replies":[{"embeddable":true,"href":"https:\/\/myovo.ca\/fr\/wp-json\/wp\/v2\/comments?post=15528"}],"wp:featuredmedia":[{"embeddable":true,"href":"https:\/\/myovo.ca\/fr\/wp-json\/wp\/v2\/media\/21798"}],"wp:attachment":[{"href":"https:\/\/myovo.ca\/fr\/wp-json\/wp\/v2\/media?parent=15528"}],"wp:term":[{"taxonomy":"product_brand","embeddable":true,"href":"https:\/\/myovo.ca\/fr\/wp-json\/wp\/v2\/product_brand?post=15528"},{"taxonomy":"product_cat","embeddable":true,"href":"https:\/\/myovo.ca\/fr\/wp-json\/wp\/v2\/product_cat?post=15528"},{"taxonomy":"product_tag","embeddable":true,"href":"https:\/\/myovo.ca\/fr\/wp-json\/wp\/v2\/product_tag?post=15528"}],"curies":[{"name":"wp","href":"https:\/\/api.w.org\/{rel}","templated":true}]}}