{"id":16237,"date":"2021-07-16T09:45:14","date_gmt":"2021-07-16T13:45:14","guid":{"rendered":"https:\/\/myovo.ca\/product\/pastilles-odorantes-universelles\/"},"modified":"2022-06-22T12:51:42","modified_gmt":"2022-06-22T16:51:42","slug":"pastilles-odorantes-universelles","status":"publish","type":"product","link":"https:\/\/myovo.ca\/fr\/produit\/pastilles-odorantes-universelles\/","title":{"rendered":"Pastilles odorantes universelles"},"content":{"rendered":"<h2>D\u00e9sodorisant universel pour aspirateur &#8211; Tablette parfum\u00e9e, fra\u00eecheur citron, \u00e9limine les odeurs, s&rsquo;adapte \u00e0 tous les syst\u00e8mes d&rsquo;aspiration (avec ou sans sac, portable, vertical, tra\u00eeneau, syst\u00e8me d&rsquo;aspiration central) emballage de 8<\/h2>\n<ul>\n<li>Tablettes parfum\u00e9es au citron<\/li>\n<li>Universelles : Conviennent \u00e0 tous les aspirateurs avec ou sans sac : Aspirateur<\/li>\n<li>tra\u00eeneau, central, vertical, portable, etc.<\/li>\n<li>Respectueux de l&rsquo;environnement : non toxique pour les humains, les animaux et l&rsquo;environnement.<\/li>\n<li>\u00c9limine la fum\u00e9e, la salet\u00e9 et les odeurs d&rsquo;animaux.<\/li>\n<li>Facile \u00e0 utiliser : D\u00e9posez une tablette directement dans un nouveau sac d&rsquo;aspirateur ou une cuve \u00e0 d\u00e9bris.<\/li>\n<\/ul>\n<p>Il suffit d&rsquo;ajouter une pastille Universelle dans le sac ou le r\u00e9servoir de l&rsquo;aspirateur pour obtenir un agr\u00e9able parfum d&rsquo;agrumes pendant l&rsquo;aspiration. \u00c9liminez les odeurs ind\u00e9sirables rapidement et facilement. Effet durable, pour une odeur fra\u00eeche constante.<\/p>\n","protected":false},"excerpt":{"rendered":"<p>D\u00e9sodorisant universel pour aspirateur &#8211; Tablette parfum\u00e9e, fra\u00eecheur citron, \u00e9limine les odeurs, s&rsquo;adapte \u00e0 tous les syst\u00e8mes d&rsquo;aspiration (avec ou sans sac, portable, vertical, tra\u00eeneau, syst\u00e8me d&rsquo;aspiration central) emballage de 8 Tablettes parfum\u00e9es au citron Universelles : Conviennent \u00e0 tous les aspirateurs avec ou sans sac : Aspirateur tra\u00eeneau, central, vertical, portable, etc. Respectueux de l&rsquo;environnement  [&#8230;]<\/p>\n","protected":false},"featured_media":15599,"comment_status":"closed","ping_status":"closed","template":"","meta":{"_acf_changed":false,"jetpack_post_was_ever_published":false,"jetpack_publicize_message":"","jetpack_publicize_feature_enabled":true,"jetpack_social_post_already_shared":true,"jetpack_social_options":{"image_generator_settings":{"template":"highway","default_image_id":0,"font":"","enabled":false},"version":2}},"product_brand":[],"product_cat":[105,71],"product_tag":[],"class_list":{"0":"post-16237","1":"product","2":"type-product","3":"status-publish","4":"has-post-thumbnail","6":"product_cat-pastilles-odorantes-fr","7":"product_cat-accessory-fr","9":"first","10":"instock","11":"taxable","12":"shipping-taxable","13":"purchasable","14":"product-type-simple"},"acf":[],"yoast_head":"<!-- This site is optimized with the Yoast SEO plugin v26.8 - https:\/\/yoast.com\/product\/yoast-seo-wordpress\/ -->\n<title>Pastilles odorantes universelles - Ovo Vacuum<\/title>\n<meta name=\"robots\" content=\"index, follow, max-snippet:-1, max-image-preview:large, max-video-preview:-1\" \/>\n<link rel=\"canonical\" href=\"https:\/\/myovo.ca\/fr\/produit\/pastilles-odorantes-universelles\/\" \/>\n<meta property=\"og:locale\" content=\"fr_FR\" \/>\n<meta property=\"og:type\" content=\"article\" \/>\n<meta property=\"og:title\" content=\"Pastilles odorantes universelles - Ovo Vacuum\" \/>\n<meta property=\"og:description\" content=\"D\u00e9sodorisant universel pour aspirateur &#8211; Tablette parfum\u00e9e, fra\u00eecheur citron, \u00e9limine les odeurs, s&rsquo;adapte \u00e0 tous les syst\u00e8mes d&rsquo;aspiration (avec ou sans sac, portable, vertical, tra\u00eeneau, syst\u00e8me d&rsquo;aspiration central) emballage de 8 Tablettes parfum\u00e9es au citron Universelles : Conviennent \u00e0 tous les aspirateurs avec ou sans sac : Aspirateur tra\u00eeneau, central, vertical, portable, etc. Respectueux de l&rsquo;environnement [...]\" \/>\n<meta property=\"og:url\" content=\"https:\/\/myovo.ca\/fr\/produit\/pastilles-odorantes-universelles\/\" \/>\n<meta property=\"og:site_name\" content=\"Ovo Vacuum\" \/>\n<meta property=\"article:publisher\" content=\"https:\/\/www.facebook.com\/nadairint\/\" \/>\n<meta property=\"article:modified_time\" content=\"2022-06-22T16:51:42+00:00\" \/>\n<meta property=\"og:image\" content=\"https:\/\/myovo.ca\/wp-content\/uploads\/2021\/07\/Sans-titre-3_Plan-de-travail-1-copie-3.jpg\" \/>\n\t<meta property=\"og:image:width\" content=\"1501\" \/>\n\t<meta property=\"og:image:height\" content=\"1500\" \/>\n\t<meta property=\"og:image:type\" content=\"image\/jpeg\" \/>\n<meta name=\"twitter:card\" content=\"summary_large_image\" \/>\n<meta name=\"twitter:label1\" content=\"Dur\u00e9e de lecture estim\u00e9e\" \/>\n\t<meta name=\"twitter:data1\" content=\"1 minute\" \/>\n<script type=\"application\/ld+json\" class=\"yoast-schema-graph\">{\"@context\":\"https:\/\/schema.org\",\"@graph\":[{\"@type\":\"WebPage\",\"@id\":\"https:\/\/myovo.ca\/fr\/produit\/pastilles-odorantes-universelles\/\",\"url\":\"https:\/\/myovo.ca\/fr\/produit\/pastilles-odorantes-universelles\/\",\"name\":\"Pastilles odorantes universelles - Ovo Vacuum\",\"isPartOf\":{\"@id\":\"https:\/\/myovo.ca\/#website\"},\"primaryImageOfPage\":{\"@id\":\"https:\/\/myovo.ca\/fr\/produit\/pastilles-odorantes-universelles\/#primaryimage\"},\"image\":{\"@id\":\"https:\/\/myovo.ca\/fr\/produit\/pastilles-odorantes-universelles\/#primaryimage\"},\"thumbnailUrl\":\"https:\/\/i0.wp.com\/myovo.ca\/wp-content\/uploads\/2021\/07\/Sans-titre-3_Plan-de-travail-1-copie-3.jpg?fit=1501%2C1500&ssl=1\",\"datePublished\":\"2021-07-16T13:45:14+00:00\",\"dateModified\":\"2022-06-22T16:51:42+00:00\",\"breadcrumb\":{\"@id\":\"https:\/\/myovo.ca\/fr\/produit\/pastilles-odorantes-universelles\/#breadcrumb\"},\"inLanguage\":\"fr-FR\",\"potentialAction\":[{\"@type\":\"ReadAction\",\"target\":[\"https:\/\/myovo.ca\/fr\/produit\/pastilles-odorantes-universelles\/\"]}]},{\"@type\":\"ImageObject\",\"inLanguage\":\"fr-FR\",\"@id\":\"https:\/\/myovo.ca\/fr\/produit\/pastilles-odorantes-universelles\/#primaryimage\",\"url\":\"https:\/\/i0.wp.com\/myovo.ca\/wp-content\/uploads\/2021\/07\/Sans-titre-3_Plan-de-travail-1-copie-3.jpg?fit=1501%2C1500&ssl=1\",\"contentUrl\":\"https:\/\/i0.wp.com\/myovo.ca\/wp-content\/uploads\/2021\/07\/Sans-titre-3_Plan-de-travail-1-copie-3.jpg?fit=1501%2C1500&ssl=1\",\"width\":1501,\"height\":1500,\"caption\":\"Universal Vacuum air Freshener\"},{\"@type\":\"BreadcrumbList\",\"@id\":\"https:\/\/myovo.ca\/fr\/produit\/pastilles-odorantes-universelles\/#breadcrumb\",\"itemListElement\":[{\"@type\":\"ListItem\",\"position\":1,\"name\":\"Home\",\"item\":\"https:\/\/myovo.ca\/fr\/\"},{\"@type\":\"ListItem\",\"position\":2,\"name\":\"Shop\",\"item\":\"https:\/\/myovo.ca\/fr\/magasiner-les-meilleurs-aspirateurs-centraux-au-canada\/\"},{\"@type\":\"ListItem\",\"position\":3,\"name\":\"Pastilles odorantes universelles\"}]},{\"@type\":\"WebSite\",\"@id\":\"https:\/\/myovo.ca\/#website\",\"url\":\"https:\/\/myovo.ca\/\",\"name\":\"OVO Central Vacuum\",\"description\":\"\",\"publisher\":{\"@id\":\"https:\/\/myovo.ca\/#organization\"},\"potentialAction\":[{\"@type\":\"SearchAction\",\"target\":{\"@type\":\"EntryPoint\",\"urlTemplate\":\"https:\/\/myovo.ca\/?s={search_term_string}\"},\"query-input\":{\"@type\":\"PropertyValueSpecification\",\"valueRequired\":true,\"valueName\":\"search_term_string\"}}],\"inLanguage\":\"fr-FR\"},{\"@type\":\"Organization\",\"@id\":\"https:\/\/myovo.ca\/#organization\",\"name\":\"OVO Central Vacuum\",\"url\":\"https:\/\/myovo.ca\/\",\"logo\":{\"@type\":\"ImageObject\",\"inLanguage\":\"fr-FR\",\"@id\":\"https:\/\/myovo.ca\/#\/schema\/logo\/image\/\",\"url\":\"https:\/\/i2.wp.com\/myovo.ca\/wp-content\/uploads\/2018\/04\/logo_ovo_p.png?fit=120%2C52&ssl=1\",\"contentUrl\":\"https:\/\/i2.wp.com\/myovo.ca\/wp-content\/uploads\/2018\/04\/logo_ovo_p.png?fit=120%2C52&ssl=1\",\"width\":120,\"height\":52,\"caption\":\"OVO Central Vacuum\"},\"image\":{\"@id\":\"https:\/\/myovo.ca\/#\/schema\/logo\/image\/\"},\"sameAs\":[\"https:\/\/www.facebook.com\/nadairint\/\"]}]}<\/script>\n<!-- \/ Yoast SEO plugin. -->","yoast_head_json":{"title":"Pastilles odorantes universelles - Ovo Vacuum","robots":{"index":"index","follow":"follow","max-snippet":"max-snippet:-1","max-image-preview":"max-image-preview:large","max-video-preview":"max-video-preview:-1"},"canonical":"https:\/\/myovo.ca\/fr\/produit\/pastilles-odorantes-universelles\/","og_locale":"fr_FR","og_type":"article","og_title":"Pastilles odorantes universelles - Ovo Vacuum","og_description":"D\u00e9sodorisant universel pour aspirateur &#8211; Tablette parfum\u00e9e, fra\u00eecheur citron, \u00e9limine les odeurs, s&rsquo;adapte \u00e0 tous les syst\u00e8mes d&rsquo;aspiration (avec ou sans sac, portable, vertical, tra\u00eeneau, syst\u00e8me d&rsquo;aspiration central) emballage de 8 Tablettes parfum\u00e9es au citron Universelles : Conviennent \u00e0 tous les aspirateurs avec ou sans sac : Aspirateur tra\u00eeneau, central, vertical, portable, etc. Respectueux de l&rsquo;environnement [...]","og_url":"https:\/\/myovo.ca\/fr\/produit\/pastilles-odorantes-universelles\/","og_site_name":"Ovo Vacuum","article_publisher":"https:\/\/www.facebook.com\/nadairint\/","article_modified_time":"2022-06-22T16:51:42+00:00","og_image":[{"width":1501,"height":1500,"url":"https:\/\/myovo.ca\/wp-content\/uploads\/2021\/07\/Sans-titre-3_Plan-de-travail-1-copie-3.jpg","type":"image\/jpeg"}],"twitter_card":"summary_large_image","twitter_misc":{"Dur\u00e9e de lecture estim\u00e9e":"1 minute"},"schema":{"@context":"https:\/\/schema.org","@graph":[{"@type":"WebPage","@id":"https:\/\/myovo.ca\/fr\/produit\/pastilles-odorantes-universelles\/","url":"https:\/\/myovo.ca\/fr\/produit\/pastilles-odorantes-universelles\/","name":"Pastilles odorantes universelles - Ovo Vacuum","isPartOf":{"@id":"https:\/\/myovo.ca\/#website"},"primaryImageOfPage":{"@id":"https:\/\/myovo.ca\/fr\/produit\/pastilles-odorantes-universelles\/#primaryimage"},"image":{"@id":"https:\/\/myovo.ca\/fr\/produit\/pastilles-odorantes-universelles\/#primaryimage"},"thumbnailUrl":"https:\/\/i0.wp.com\/myovo.ca\/wp-content\/uploads\/2021\/07\/Sans-titre-3_Plan-de-travail-1-copie-3.jpg?fit=1501%2C1500&ssl=1","datePublished":"2021-07-16T13:45:14+00:00","dateModified":"2022-06-22T16:51:42+00:00","breadcrumb":{"@id":"https:\/\/myovo.ca\/fr\/produit\/pastilles-odorantes-universelles\/#breadcrumb"},"inLanguage":"fr-FR","potentialAction":[{"@type":"ReadAction","target":["https:\/\/myovo.ca\/fr\/produit\/pastilles-odorantes-universelles\/"]}]},{"@type":"ImageObject","inLanguage":"fr-FR","@id":"https:\/\/myovo.ca\/fr\/produit\/pastilles-odorantes-universelles\/#primaryimage","url":"https:\/\/i0.wp.com\/myovo.ca\/wp-content\/uploads\/2021\/07\/Sans-titre-3_Plan-de-travail-1-copie-3.jpg?fit=1501%2C1500&ssl=1","contentUrl":"https:\/\/i0.wp.com\/myovo.ca\/wp-content\/uploads\/2021\/07\/Sans-titre-3_Plan-de-travail-1-copie-3.jpg?fit=1501%2C1500&ssl=1","width":1501,"height":1500,"caption":"Universal Vacuum air Freshener"},{"@type":"BreadcrumbList","@id":"https:\/\/myovo.ca\/fr\/produit\/pastilles-odorantes-universelles\/#breadcrumb","itemListElement":[{"@type":"ListItem","position":1,"name":"Home","item":"https:\/\/myovo.ca\/fr\/"},{"@type":"ListItem","position":2,"name":"Shop","item":"https:\/\/myovo.ca\/fr\/magasiner-les-meilleurs-aspirateurs-centraux-au-canada\/"},{"@type":"ListItem","position":3,"name":"Pastilles odorantes universelles"}]},{"@type":"WebSite","@id":"https:\/\/myovo.ca\/#website","url":"https:\/\/myovo.ca\/","name":"OVO Central Vacuum","description":"","publisher":{"@id":"https:\/\/myovo.ca\/#organization"},"potentialAction":[{"@type":"SearchAction","target":{"@type":"EntryPoint","urlTemplate":"https:\/\/myovo.ca\/?s={search_term_string}"},"query-input":{"@type":"PropertyValueSpecification","valueRequired":true,"valueName":"search_term_string"}}],"inLanguage":"fr-FR"},{"@type":"Organization","@id":"https:\/\/myovo.ca\/#organization","name":"OVO Central Vacuum","url":"https:\/\/myovo.ca\/","logo":{"@type":"ImageObject","inLanguage":"fr-FR","@id":"https:\/\/myovo.ca\/#\/schema\/logo\/image\/","url":"https:\/\/i2.wp.com\/myovo.ca\/wp-content\/uploads\/2018\/04\/logo_ovo_p.png?fit=120%2C52&ssl=1","contentUrl":"https:\/\/i2.wp.com\/myovo.ca\/wp-content\/uploads\/2018\/04\/logo_ovo_p.png?fit=120%2C52&ssl=1","width":120,"height":52,"caption":"OVO Central Vacuum"},"image":{"@id":"https:\/\/myovo.ca\/#\/schema\/logo\/image\/"},"sameAs":["https:\/\/www.facebook.com\/nadairint\/"]}]}},"jetpack_publicize_connections":[],"jetpack_sharing_enabled":true,"_links":{"self":[{"href":"https:\/\/myovo.ca\/fr\/wp-json\/wp\/v2\/product\/16237","targetHints":{"allow":["GET"]}}],"collection":[{"href":"https:\/\/myovo.ca\/fr\/wp-json\/wp\/v2\/product"}],"about":[{"href":"https:\/\/myovo.ca\/fr\/wp-json\/wp\/v2\/types\/product"}],"replies":[{"embeddable":true,"href":"https:\/\/myovo.ca\/fr\/wp-json\/wp\/v2\/comments?post=16237"}],"wp:featuredmedia":[{"embeddable":true,"href":"https:\/\/myovo.ca\/fr\/wp-json\/wp\/v2\/media\/15599"}],"wp:attachment":[{"href":"https:\/\/myovo.ca\/fr\/wp-json\/wp\/v2\/media?parent=16237"}],"wp:term":[{"taxonomy":"product_brand","embeddable":true,"href":"https:\/\/myovo.ca\/fr\/wp-json\/wp\/v2\/product_brand?post=16237"},{"taxonomy":"product_cat","embeddable":true,"href":"https:\/\/myovo.ca\/fr\/wp-json\/wp\/v2\/product_cat?post=16237"},{"taxonomy":"product_tag","embeddable":true,"href":"https:\/\/myovo.ca\/fr\/wp-json\/wp\/v2\/product_tag?post=16237"}],"curies":[{"name":"wp","href":"https:\/\/api.w.org\/{rel}","templated":true}]}}