{"id":22106,"date":"2020-09-25T13:15:17","date_gmt":"2020-09-25T17:15:17","guid":{"rendered":"https:\/\/myovo.ca\/product\/ensemble-complet-dinstallation-pour-aspirateur-central-1-prise\/"},"modified":"2020-09-25T13:15:17","modified_gmt":"2020-09-25T17:15:17","slug":"ensemble-complet-dinstallation-pour-aspirateur-central-1-prise","status":"publish","type":"product","link":"https:\/\/myovo.ca\/fr\/produit\/ensemble-complet-dinstallation-pour-aspirateur-central-1-prise\/","title":{"rendered":"Ensemble complet d&rsquo;installation pour aspirateur central (1 prise)"},"content":{"rendered":"<div class=\"flex max-w-full flex-col flex-grow\">\n<div class=\"min-h-8 text-message flex w-full flex-col items-end gap-2 whitespace-normal break-words [.text-message+&amp;]:mt-5\" dir=\"auto\" data-message-author-role=\"assistant\" data-message-id=\"a07e6a29-c4f0-4f13-b400-8267c54af1f5\" data-message-model-slug=\"gpt-4o\">\n<div class=\"flex w-full flex-col gap-1 empty:hidden first:pt-[3px]\">\n<div class=\"markdown prose w-full break-words dark:prose-invert light\">\n<p><strong>Kit complet d&rsquo;installation pour aspirateur central (1 prise)<\/strong><br \/>\nContient toutes les pi\u00e8ces n\u00e9cessaires pour une installation facile et correcte.<\/p>\n<p><strong>Inclus :<\/strong><\/p>\n<ul>\n<li>1 valve d&rsquo;entr\u00e9e blanche<\/li>\n<li>1 plaque arri\u00e8re murale de 4&Prime;<\/li>\n<li>1 raccord en PVC en forme de \u00ab\u00a0Y\u00a0\u00bb<\/li>\n<li>3 coudes en L \u00e0 90\u00b0<\/li>\n<li>1 coude court \u00e0 90\u00b0<\/li>\n<li>2 coudes \u00e0 45\u00b0<\/li>\n<li>2 raccords d&rsquo;arr\u00eat pour tuyau de 2&Prime;<\/li>\n<li>2 colliers de fixation pour tuyau de 2&Prime;<\/li>\n<li>Fil \u00e9lectrique 24V<\/li>\n<li>60 ml de colle solvant pour PVC<\/li>\n<\/ul>\n<\/div>\n<\/div>\n<\/div>\n<\/div>\n<div class=\"mb-2 flex gap-3 empty:hidden -ml-2\"><\/div>\n","protected":false},"excerpt":{"rendered":"<p>Kit complet d&rsquo;installation pour aspirateur central (1 prise) Contient toutes les pi\u00e8ces n\u00e9cessaires pour une installation facile et correcte. Inclus : 1 valve d&rsquo;entr\u00e9e blanche 1 plaque arri\u00e8re murale de 4&Prime; 1 raccord en PVC en forme de \u00ab\u00a0Y\u00a0\u00bb 3 coudes en L \u00e0 90\u00b0 1 coude court \u00e0 90\u00b0 2 coudes \u00e0 45\u00b0 2 raccords  [&#8230;]<\/p>\n","protected":false},"featured_media":15279,"comment_status":"closed","ping_status":"closed","template":"","meta":{"_acf_changed":false,"jetpack_post_was_ever_published":false,"jetpack_publicize_message":"","jetpack_publicize_feature_enabled":true,"jetpack_social_post_already_shared":true,"jetpack_social_options":{"image_generator_settings":{"template":"highway","default_image_id":0,"font":"","enabled":false},"version":2}},"product_brand":[],"product_cat":[88,147],"product_tag":[],"class_list":{"0":"post-22106","1":"product","2":"type-product","3":"status-publish","4":"has-post-thumbnail","6":"product_cat-installation-kit","7":"product_cat-prises","9":"first","10":"instock","11":"taxable","12":"shipping-taxable","13":"purchasable","14":"product-type-simple"},"acf":[],"yoast_head":"<!-- This site is optimized with the Yoast SEO plugin v26.8 - https:\/\/yoast.com\/product\/yoast-seo-wordpress\/ -->\n<title>Ensemble complet d&#039;installation pour aspirateur central (1 prise) - Ovo Vacuum<\/title>\n<meta name=\"robots\" content=\"index, follow, max-snippet:-1, max-image-preview:large, max-video-preview:-1\" \/>\n<link rel=\"canonical\" href=\"https:\/\/myovo.ca\/fr\/produit\/ensemble-complet-dinstallation-pour-aspirateur-central-1-prise\/\" \/>\n<meta property=\"og:locale\" content=\"fr_FR\" \/>\n<meta property=\"og:type\" content=\"article\" \/>\n<meta property=\"og:title\" content=\"Ensemble complet d&#039;installation pour aspirateur central (1 prise) - Ovo Vacuum\" \/>\n<meta property=\"og:description\" content=\"Kit complet d&rsquo;installation pour aspirateur central (1 prise) Contient toutes les pi\u00e8ces n\u00e9cessaires pour une installation facile et correcte. Inclus : 1 valve d&rsquo;entr\u00e9e blanche 1 plaque arri\u00e8re murale de 4&Prime; 1 raccord en PVC en forme de \u00ab\u00a0Y\u00a0\u00bb 3 coudes en L \u00e0 90\u00b0 1 coude court \u00e0 90\u00b0 2 coudes \u00e0 45\u00b0 2 raccords [...]\" \/>\n<meta property=\"og:url\" content=\"https:\/\/myovo.ca\/fr\/produit\/ensemble-complet-dinstallation-pour-aspirateur-central-1-prise\/\" \/>\n<meta property=\"og:site_name\" content=\"Ovo Vacuum\" \/>\n<meta property=\"article:publisher\" content=\"https:\/\/www.facebook.com\/nadairint\/\" \/>\n<meta property=\"og:image\" content=\"https:\/\/myovo.ca\/wp-content\/uploads\/2020\/09\/inlet-kit_1-1-1.jpg\" \/>\n\t<meta property=\"og:image:width\" content=\"1200\" \/>\n\t<meta property=\"og:image:height\" content=\"1200\" \/>\n\t<meta property=\"og:image:type\" content=\"image\/jpeg\" \/>\n<meta name=\"twitter:card\" content=\"summary_large_image\" \/>\n<script type=\"application\/ld+json\" class=\"yoast-schema-graph\">{\"@context\":\"https:\/\/schema.org\",\"@graph\":[{\"@type\":\"WebPage\",\"@id\":\"https:\/\/myovo.ca\/fr\/produit\/ensemble-complet-dinstallation-pour-aspirateur-central-1-prise\/\",\"url\":\"https:\/\/myovo.ca\/fr\/produit\/ensemble-complet-dinstallation-pour-aspirateur-central-1-prise\/\",\"name\":\"Ensemble complet d'installation pour aspirateur central (1 prise) - Ovo Vacuum\",\"isPartOf\":{\"@id\":\"https:\/\/myovo.ca\/#website\"},\"primaryImageOfPage\":{\"@id\":\"https:\/\/myovo.ca\/fr\/produit\/ensemble-complet-dinstallation-pour-aspirateur-central-1-prise\/#primaryimage\"},\"image\":{\"@id\":\"https:\/\/myovo.ca\/fr\/produit\/ensemble-complet-dinstallation-pour-aspirateur-central-1-prise\/#primaryimage\"},\"thumbnailUrl\":\"https:\/\/i0.wp.com\/myovo.ca\/wp-content\/uploads\/2020\/09\/inlet-kit_1-1-1.jpg?fit=1200%2C1200&ssl=1\",\"datePublished\":\"2020-09-25T17:15:17+00:00\",\"breadcrumb\":{\"@id\":\"https:\/\/myovo.ca\/fr\/produit\/ensemble-complet-dinstallation-pour-aspirateur-central-1-prise\/#breadcrumb\"},\"inLanguage\":\"fr-FR\",\"potentialAction\":[{\"@type\":\"ReadAction\",\"target\":[\"https:\/\/myovo.ca\/fr\/produit\/ensemble-complet-dinstallation-pour-aspirateur-central-1-prise\/\"]}]},{\"@type\":\"ImageObject\",\"inLanguage\":\"fr-FR\",\"@id\":\"https:\/\/myovo.ca\/fr\/produit\/ensemble-complet-dinstallation-pour-aspirateur-central-1-prise\/#primaryimage\",\"url\":\"https:\/\/i0.wp.com\/myovo.ca\/wp-content\/uploads\/2020\/09\/inlet-kit_1-1-1.jpg?fit=1200%2C1200&ssl=1\",\"contentUrl\":\"https:\/\/i0.wp.com\/myovo.ca\/wp-content\/uploads\/2020\/09\/inlet-kit_1-1-1.jpg?fit=1200%2C1200&ssl=1\",\"width\":1200,\"height\":1200,\"caption\":\"1 inlet installation kit\"},{\"@type\":\"BreadcrumbList\",\"@id\":\"https:\/\/myovo.ca\/fr\/produit\/ensemble-complet-dinstallation-pour-aspirateur-central-1-prise\/#breadcrumb\",\"itemListElement\":[{\"@type\":\"ListItem\",\"position\":1,\"name\":\"Home\",\"item\":\"https:\/\/myovo.ca\/fr\/\"},{\"@type\":\"ListItem\",\"position\":2,\"name\":\"Shop\",\"item\":\"https:\/\/myovo.ca\/fr\/magasiner-les-meilleurs-aspirateurs-centraux-au-canada\/\"},{\"@type\":\"ListItem\",\"position\":3,\"name\":\"Ensemble complet d&#8217;installation pour aspirateur central (1 prise)\"}]},{\"@type\":\"WebSite\",\"@id\":\"https:\/\/myovo.ca\/#website\",\"url\":\"https:\/\/myovo.ca\/\",\"name\":\"OVO Central Vacuum\",\"description\":\"\",\"publisher\":{\"@id\":\"https:\/\/myovo.ca\/#organization\"},\"potentialAction\":[{\"@type\":\"SearchAction\",\"target\":{\"@type\":\"EntryPoint\",\"urlTemplate\":\"https:\/\/myovo.ca\/?s={search_term_string}\"},\"query-input\":{\"@type\":\"PropertyValueSpecification\",\"valueRequired\":true,\"valueName\":\"search_term_string\"}}],\"inLanguage\":\"fr-FR\"},{\"@type\":\"Organization\",\"@id\":\"https:\/\/myovo.ca\/#organization\",\"name\":\"OVO Central Vacuum\",\"url\":\"https:\/\/myovo.ca\/\",\"logo\":{\"@type\":\"ImageObject\",\"inLanguage\":\"fr-FR\",\"@id\":\"https:\/\/myovo.ca\/#\/schema\/logo\/image\/\",\"url\":\"https:\/\/i2.wp.com\/myovo.ca\/wp-content\/uploads\/2018\/04\/logo_ovo_p.png?fit=120%2C52&ssl=1\",\"contentUrl\":\"https:\/\/i2.wp.com\/myovo.ca\/wp-content\/uploads\/2018\/04\/logo_ovo_p.png?fit=120%2C52&ssl=1\",\"width\":120,\"height\":52,\"caption\":\"OVO Central Vacuum\"},\"image\":{\"@id\":\"https:\/\/myovo.ca\/#\/schema\/logo\/image\/\"},\"sameAs\":[\"https:\/\/www.facebook.com\/nadairint\/\"]}]}<\/script>\n<!-- \/ Yoast SEO plugin. -->","yoast_head_json":{"title":"Ensemble complet d'installation pour aspirateur central (1 prise) - Ovo Vacuum","robots":{"index":"index","follow":"follow","max-snippet":"max-snippet:-1","max-image-preview":"max-image-preview:large","max-video-preview":"max-video-preview:-1"},"canonical":"https:\/\/myovo.ca\/fr\/produit\/ensemble-complet-dinstallation-pour-aspirateur-central-1-prise\/","og_locale":"fr_FR","og_type":"article","og_title":"Ensemble complet d'installation pour aspirateur central (1 prise) - Ovo Vacuum","og_description":"Kit complet d&rsquo;installation pour aspirateur central (1 prise) Contient toutes les pi\u00e8ces n\u00e9cessaires pour une installation facile et correcte. Inclus : 1 valve d&rsquo;entr\u00e9e blanche 1 plaque arri\u00e8re murale de 4&Prime; 1 raccord en PVC en forme de \u00ab\u00a0Y\u00a0\u00bb 3 coudes en L \u00e0 90\u00b0 1 coude court \u00e0 90\u00b0 2 coudes \u00e0 45\u00b0 2 raccords [...]","og_url":"https:\/\/myovo.ca\/fr\/produit\/ensemble-complet-dinstallation-pour-aspirateur-central-1-prise\/","og_site_name":"Ovo Vacuum","article_publisher":"https:\/\/www.facebook.com\/nadairint\/","og_image":[{"width":1200,"height":1200,"url":"https:\/\/myovo.ca\/wp-content\/uploads\/2020\/09\/inlet-kit_1-1-1.jpg","type":"image\/jpeg"}],"twitter_card":"summary_large_image","schema":{"@context":"https:\/\/schema.org","@graph":[{"@type":"WebPage","@id":"https:\/\/myovo.ca\/fr\/produit\/ensemble-complet-dinstallation-pour-aspirateur-central-1-prise\/","url":"https:\/\/myovo.ca\/fr\/produit\/ensemble-complet-dinstallation-pour-aspirateur-central-1-prise\/","name":"Ensemble complet d'installation pour aspirateur central (1 prise) - Ovo Vacuum","isPartOf":{"@id":"https:\/\/myovo.ca\/#website"},"primaryImageOfPage":{"@id":"https:\/\/myovo.ca\/fr\/produit\/ensemble-complet-dinstallation-pour-aspirateur-central-1-prise\/#primaryimage"},"image":{"@id":"https:\/\/myovo.ca\/fr\/produit\/ensemble-complet-dinstallation-pour-aspirateur-central-1-prise\/#primaryimage"},"thumbnailUrl":"https:\/\/i0.wp.com\/myovo.ca\/wp-content\/uploads\/2020\/09\/inlet-kit_1-1-1.jpg?fit=1200%2C1200&ssl=1","datePublished":"2020-09-25T17:15:17+00:00","breadcrumb":{"@id":"https:\/\/myovo.ca\/fr\/produit\/ensemble-complet-dinstallation-pour-aspirateur-central-1-prise\/#breadcrumb"},"inLanguage":"fr-FR","potentialAction":[{"@type":"ReadAction","target":["https:\/\/myovo.ca\/fr\/produit\/ensemble-complet-dinstallation-pour-aspirateur-central-1-prise\/"]}]},{"@type":"ImageObject","inLanguage":"fr-FR","@id":"https:\/\/myovo.ca\/fr\/produit\/ensemble-complet-dinstallation-pour-aspirateur-central-1-prise\/#primaryimage","url":"https:\/\/i0.wp.com\/myovo.ca\/wp-content\/uploads\/2020\/09\/inlet-kit_1-1-1.jpg?fit=1200%2C1200&ssl=1","contentUrl":"https:\/\/i0.wp.com\/myovo.ca\/wp-content\/uploads\/2020\/09\/inlet-kit_1-1-1.jpg?fit=1200%2C1200&ssl=1","width":1200,"height":1200,"caption":"1 inlet installation kit"},{"@type":"BreadcrumbList","@id":"https:\/\/myovo.ca\/fr\/produit\/ensemble-complet-dinstallation-pour-aspirateur-central-1-prise\/#breadcrumb","itemListElement":[{"@type":"ListItem","position":1,"name":"Home","item":"https:\/\/myovo.ca\/fr\/"},{"@type":"ListItem","position":2,"name":"Shop","item":"https:\/\/myovo.ca\/fr\/magasiner-les-meilleurs-aspirateurs-centraux-au-canada\/"},{"@type":"ListItem","position":3,"name":"Ensemble complet d&#8217;installation pour aspirateur central (1 prise)"}]},{"@type":"WebSite","@id":"https:\/\/myovo.ca\/#website","url":"https:\/\/myovo.ca\/","name":"OVO Central Vacuum","description":"","publisher":{"@id":"https:\/\/myovo.ca\/#organization"},"potentialAction":[{"@type":"SearchAction","target":{"@type":"EntryPoint","urlTemplate":"https:\/\/myovo.ca\/?s={search_term_string}"},"query-input":{"@type":"PropertyValueSpecification","valueRequired":true,"valueName":"search_term_string"}}],"inLanguage":"fr-FR"},{"@type":"Organization","@id":"https:\/\/myovo.ca\/#organization","name":"OVO Central Vacuum","url":"https:\/\/myovo.ca\/","logo":{"@type":"ImageObject","inLanguage":"fr-FR","@id":"https:\/\/myovo.ca\/#\/schema\/logo\/image\/","url":"https:\/\/i2.wp.com\/myovo.ca\/wp-content\/uploads\/2018\/04\/logo_ovo_p.png?fit=120%2C52&ssl=1","contentUrl":"https:\/\/i2.wp.com\/myovo.ca\/wp-content\/uploads\/2018\/04\/logo_ovo_p.png?fit=120%2C52&ssl=1","width":120,"height":52,"caption":"OVO Central Vacuum"},"image":{"@id":"https:\/\/myovo.ca\/#\/schema\/logo\/image\/"},"sameAs":["https:\/\/www.facebook.com\/nadairint\/"]}]}},"jetpack_publicize_connections":[],"jetpack_sharing_enabled":true,"_links":{"self":[{"href":"https:\/\/myovo.ca\/fr\/wp-json\/wp\/v2\/product\/22106","targetHints":{"allow":["GET"]}}],"collection":[{"href":"https:\/\/myovo.ca\/fr\/wp-json\/wp\/v2\/product"}],"about":[{"href":"https:\/\/myovo.ca\/fr\/wp-json\/wp\/v2\/types\/product"}],"replies":[{"embeddable":true,"href":"https:\/\/myovo.ca\/fr\/wp-json\/wp\/v2\/comments?post=22106"}],"wp:featuredmedia":[{"embeddable":true,"href":"https:\/\/myovo.ca\/fr\/wp-json\/wp\/v2\/media\/15279"}],"wp:attachment":[{"href":"https:\/\/myovo.ca\/fr\/wp-json\/wp\/v2\/media?parent=22106"}],"wp:term":[{"taxonomy":"product_brand","embeddable":true,"href":"https:\/\/myovo.ca\/fr\/wp-json\/wp\/v2\/product_brand?post=22106"},{"taxonomy":"product_cat","embeddable":true,"href":"https:\/\/myovo.ca\/fr\/wp-json\/wp\/v2\/product_cat?post=22106"},{"taxonomy":"product_tag","embeddable":true,"href":"https:\/\/myovo.ca\/fr\/wp-json\/wp\/v2\/product_tag?post=22106"}],"curies":[{"name":"wp","href":"https:\/\/api.w.org\/{rel}","templated":true}]}}