{"id":22362,"date":"2024-12-20T09:45:30","date_gmt":"2024-12-20T14:45:30","guid":{"rendered":"https:\/\/myovo.ca\/?post_type=product&#038;p=22362"},"modified":"2025-07-25T12:02:56","modified_gmt":"2025-07-25T16:02:56","slug":"ov-1009-hotte-de-cuisine-sous-cabinet-de-30-pouces-copy-2","status":"publish","type":"product","link":"https:\/\/myovo.ca\/fr\/produit\/ov-1009-hotte-de-cuisine-sous-cabinet-de-30-pouces-copy-2\/","title":{"rendered":"OV-1009 Hotte de cuisine sous cabinet de 30 pouces"},"content":{"rendered":"<p>Caract\u00e9ristiques principales :<\/p>\n<ul>\n<li>Fabriqu\u00e9 en acier inoxydable 430 de haute qualit\u00e9 pour une plus grande durabilit\u00e9.<\/li>\n<li>Test\u00e9 de mani\u00e8re ind\u00e9pendante et approuv\u00e9 par cULus avec une puissance de 600 CFM.<\/li>\n<li>Profitez d&rsquo;un contr\u00f4le pr\u00e9cis gr\u00e2ce au panneau de commande \u00e0 3 vitesses, qui comprend une fonction d&rsquo;arr\u00eat automatique \u00e0 retardement.<\/li>\n<li>Ultra silencieux : 55 dB. Aussi bruyant qu&rsquo;un climatiseur.<\/li>\n<li>Les panneaux d\u00e9coratifs en acier inoxydable sont dot\u00e9s de filtres en aluminium qui peuvent \u00eatre lav\u00e9s au lave-vaisselle pour faciliter le nettoyage.<\/li>\n<li>Cette hotte est con\u00e7ue pour une ventilation externe uniquement et ne permet pas la recirculation de l&rsquo;air \u00e0 l&rsquo;int\u00e9rieur.<\/li>\n<li>Ventilation ronde de 6 pouces sup\u00e9rieur de\u00a0 comprend un registre pour un d\u00e9bit d&rsquo;air efficace.<\/li>\n<li>Installation par connexion directe.<\/li>\n<li>Illuminez votre espace de cuisson avec les deux lumi\u00e8res LED de 3 watts,<\/li>\n<\/ul>\n","protected":false},"excerpt":{"rendered":"<p>Caract\u00e9ristiques principales : Fabriqu\u00e9 en acier inoxydable 430 de haute qualit\u00e9 pour une plus grande durabilit\u00e9. Test\u00e9 de mani\u00e8re ind\u00e9pendante et approuv\u00e9 par cULus avec une puissance de 600 CFM. Profitez d&rsquo;un contr\u00f4le pr\u00e9cis gr\u00e2ce au panneau de commande \u00e0 3 vitesses, qui comprend une fonction d&rsquo;arr\u00eat automatique \u00e0 retardement. Ultra silencieux : 55 dB. Aussi  [&#8230;]<\/p>\n","protected":false},"featured_media":22467,"comment_status":"closed","ping_status":"closed","template":"","meta":{"_acf_changed":false,"jetpack_post_was_ever_published":false,"jetpack_publicize_message":"","jetpack_publicize_feature_enabled":true,"jetpack_social_post_already_shared":true,"jetpack_social_options":{"image_generator_settings":{"template":"highway","default_image_id":0,"font":"","enabled":false},"version":2}},"product_brand":[],"product_cat":[113,145,142],"product_tag":[],"class_list":{"0":"post-22362","1":"product","2":"type-product","3":"status-publish","4":"has-post-thumbnail","6":"product_cat-range-hood-fr","7":"product_cat-hottes-sous-cabinet","8":"product_cat-produits","10":"first","11":"instock","12":"taxable","13":"shipping-taxable","14":"purchasable","15":"product-type-simple"},"acf":[],"yoast_head":"<!-- This site is optimized with the Yoast SEO plugin v26.8 - https:\/\/yoast.com\/product\/yoast-seo-wordpress\/ -->\n<title>OV-1009 Hotte de cuisine sous cabinet de 30 pouces - Ovo Vacuum<\/title>\n<meta name=\"description\" content=\"Faites l\u2019exp\u00e9rience d\u2019une ventilation de cuisine de premier ordre avec notre hotte de cuisine canalis\u00e9e sous l\u2019armoire. Puissant, silencieux et \u00e9l\u00e9gant.\" \/>\n<meta name=\"robots\" content=\"index, follow, max-snippet:-1, max-image-preview:large, max-video-preview:-1\" \/>\n<link rel=\"canonical\" href=\"https:\/\/myovo.ca\/fr\/produit\/ov-1009-hotte-de-cuisine-sous-cabinet-de-30-pouces-copy-2\/\" \/>\n<meta property=\"og:locale\" content=\"fr_FR\" \/>\n<meta property=\"og:type\" content=\"article\" \/>\n<meta property=\"og:title\" content=\"OV-1009 Hotte de cuisine sous cabinet de 30 pouces - Ovo Vacuum\" \/>\n<meta property=\"og:description\" content=\"Faites l\u2019exp\u00e9rience d\u2019une ventilation de cuisine de premier ordre avec notre hotte de cuisine canalis\u00e9e sous l\u2019armoire. Puissant, silencieux et \u00e9l\u00e9gant.\" \/>\n<meta property=\"og:url\" content=\"https:\/\/myovo.ca\/fr\/produit\/ov-1009-hotte-de-cuisine-sous-cabinet-de-30-pouces-copy-2\/\" \/>\n<meta property=\"og:site_name\" content=\"Ovo Vacuum\" \/>\n<meta property=\"article:publisher\" content=\"https:\/\/www.facebook.com\/nadairint\/\" \/>\n<meta property=\"article:modified_time\" content=\"2025-07-25T16:02:56+00:00\" \/>\n<meta property=\"og:image\" content=\"https:\/\/myovo.ca\/wp-content\/uploads\/2024\/12\/OV-1009-Main-scaled.jpg\" \/>\n\t<meta property=\"og:image:width\" content=\"2560\" \/>\n\t<meta property=\"og:image:height\" content=\"2560\" \/>\n\t<meta property=\"og:image:type\" content=\"image\/jpeg\" \/>\n<meta name=\"twitter:card\" content=\"summary_large_image\" \/>\n<meta name=\"twitter:label1\" content=\"Dur\u00e9e de lecture estim\u00e9e\" \/>\n\t<meta name=\"twitter:data1\" content=\"1 minute\" \/>\n<script type=\"application\/ld+json\" class=\"yoast-schema-graph\">{\"@context\":\"https:\/\/schema.org\",\"@graph\":[{\"@type\":\"WebPage\",\"@id\":\"https:\/\/myovo.ca\/fr\/produit\/ov-1009-hotte-de-cuisine-sous-cabinet-de-30-pouces-copy-2\/\",\"url\":\"https:\/\/myovo.ca\/fr\/produit\/ov-1009-hotte-de-cuisine-sous-cabinet-de-30-pouces-copy-2\/\",\"name\":\"OV-1009 Hotte de cuisine sous cabinet de 30 pouces - Ovo Vacuum\",\"isPartOf\":{\"@id\":\"https:\/\/myovo.ca\/#website\"},\"primaryImageOfPage\":{\"@id\":\"https:\/\/myovo.ca\/fr\/produit\/ov-1009-hotte-de-cuisine-sous-cabinet-de-30-pouces-copy-2\/#primaryimage\"},\"image\":{\"@id\":\"https:\/\/myovo.ca\/fr\/produit\/ov-1009-hotte-de-cuisine-sous-cabinet-de-30-pouces-copy-2\/#primaryimage\"},\"thumbnailUrl\":\"https:\/\/i0.wp.com\/myovo.ca\/wp-content\/uploads\/2024\/12\/OV-1009-Main-scaled.jpg?fit=2560%2C2560&ssl=1\",\"datePublished\":\"2024-12-20T14:45:30+00:00\",\"dateModified\":\"2025-07-25T16:02:56+00:00\",\"description\":\"Faites l\u2019exp\u00e9rience d\u2019une ventilation de cuisine de premier ordre avec notre hotte de cuisine canalis\u00e9e sous l\u2019armoire. Puissant, silencieux et \u00e9l\u00e9gant.\",\"breadcrumb\":{\"@id\":\"https:\/\/myovo.ca\/fr\/produit\/ov-1009-hotte-de-cuisine-sous-cabinet-de-30-pouces-copy-2\/#breadcrumb\"},\"inLanguage\":\"fr-FR\",\"potentialAction\":[{\"@type\":\"ReadAction\",\"target\":[\"https:\/\/myovo.ca\/fr\/produit\/ov-1009-hotte-de-cuisine-sous-cabinet-de-30-pouces-copy-2\/\"]}]},{\"@type\":\"ImageObject\",\"inLanguage\":\"fr-FR\",\"@id\":\"https:\/\/myovo.ca\/fr\/produit\/ov-1009-hotte-de-cuisine-sous-cabinet-de-30-pouces-copy-2\/#primaryimage\",\"url\":\"https:\/\/i0.wp.com\/myovo.ca\/wp-content\/uploads\/2024\/12\/OV-1009-Main-scaled.jpg?fit=2560%2C2560&ssl=1\",\"contentUrl\":\"https:\/\/i0.wp.com\/myovo.ca\/wp-content\/uploads\/2024\/12\/OV-1009-Main-scaled.jpg?fit=2560%2C2560&ssl=1\",\"width\":2560,\"height\":2560},{\"@type\":\"BreadcrumbList\",\"@id\":\"https:\/\/myovo.ca\/fr\/produit\/ov-1009-hotte-de-cuisine-sous-cabinet-de-30-pouces-copy-2\/#breadcrumb\",\"itemListElement\":[{\"@type\":\"ListItem\",\"position\":1,\"name\":\"Home\",\"item\":\"https:\/\/myovo.ca\/fr\/\"},{\"@type\":\"ListItem\",\"position\":2,\"name\":\"Shop\",\"item\":\"https:\/\/myovo.ca\/fr\/magasiner-les-meilleurs-aspirateurs-centraux-au-canada\/\"},{\"@type\":\"ListItem\",\"position\":3,\"name\":\"OV-1009 Hotte de cuisine sous cabinet de 30 pouces\"}]},{\"@type\":\"WebSite\",\"@id\":\"https:\/\/myovo.ca\/#website\",\"url\":\"https:\/\/myovo.ca\/\",\"name\":\"OVO Central Vacuum\",\"description\":\"\",\"publisher\":{\"@id\":\"https:\/\/myovo.ca\/#organization\"},\"potentialAction\":[{\"@type\":\"SearchAction\",\"target\":{\"@type\":\"EntryPoint\",\"urlTemplate\":\"https:\/\/myovo.ca\/?s={search_term_string}\"},\"query-input\":{\"@type\":\"PropertyValueSpecification\",\"valueRequired\":true,\"valueName\":\"search_term_string\"}}],\"inLanguage\":\"fr-FR\"},{\"@type\":\"Organization\",\"@id\":\"https:\/\/myovo.ca\/#organization\",\"name\":\"OVO Central Vacuum\",\"url\":\"https:\/\/myovo.ca\/\",\"logo\":{\"@type\":\"ImageObject\",\"inLanguage\":\"fr-FR\",\"@id\":\"https:\/\/myovo.ca\/#\/schema\/logo\/image\/\",\"url\":\"https:\/\/i2.wp.com\/myovo.ca\/wp-content\/uploads\/2018\/04\/logo_ovo_p.png?fit=120%2C52&ssl=1\",\"contentUrl\":\"https:\/\/i2.wp.com\/myovo.ca\/wp-content\/uploads\/2018\/04\/logo_ovo_p.png?fit=120%2C52&ssl=1\",\"width\":120,\"height\":52,\"caption\":\"OVO Central Vacuum\"},\"image\":{\"@id\":\"https:\/\/myovo.ca\/#\/schema\/logo\/image\/\"},\"sameAs\":[\"https:\/\/www.facebook.com\/nadairint\/\"]}]}<\/script>\n<!-- \/ Yoast SEO plugin. -->","yoast_head_json":{"title":"OV-1009 Hotte de cuisine sous cabinet de 30 pouces - Ovo Vacuum","description":"Faites l\u2019exp\u00e9rience d\u2019une ventilation de cuisine de premier ordre avec notre hotte de cuisine canalis\u00e9e sous l\u2019armoire. Puissant, silencieux et \u00e9l\u00e9gant.","robots":{"index":"index","follow":"follow","max-snippet":"max-snippet:-1","max-image-preview":"max-image-preview:large","max-video-preview":"max-video-preview:-1"},"canonical":"https:\/\/myovo.ca\/fr\/produit\/ov-1009-hotte-de-cuisine-sous-cabinet-de-30-pouces-copy-2\/","og_locale":"fr_FR","og_type":"article","og_title":"OV-1009 Hotte de cuisine sous cabinet de 30 pouces - Ovo Vacuum","og_description":"Faites l\u2019exp\u00e9rience d\u2019une ventilation de cuisine de premier ordre avec notre hotte de cuisine canalis\u00e9e sous l\u2019armoire. Puissant, silencieux et \u00e9l\u00e9gant.","og_url":"https:\/\/myovo.ca\/fr\/produit\/ov-1009-hotte-de-cuisine-sous-cabinet-de-30-pouces-copy-2\/","og_site_name":"Ovo Vacuum","article_publisher":"https:\/\/www.facebook.com\/nadairint\/","article_modified_time":"2025-07-25T16:02:56+00:00","og_image":[{"width":2560,"height":2560,"url":"https:\/\/myovo.ca\/wp-content\/uploads\/2024\/12\/OV-1009-Main-scaled.jpg","type":"image\/jpeg"}],"twitter_card":"summary_large_image","twitter_misc":{"Dur\u00e9e de lecture estim\u00e9e":"1 minute"},"schema":{"@context":"https:\/\/schema.org","@graph":[{"@type":"WebPage","@id":"https:\/\/myovo.ca\/fr\/produit\/ov-1009-hotte-de-cuisine-sous-cabinet-de-30-pouces-copy-2\/","url":"https:\/\/myovo.ca\/fr\/produit\/ov-1009-hotte-de-cuisine-sous-cabinet-de-30-pouces-copy-2\/","name":"OV-1009 Hotte de cuisine sous cabinet de 30 pouces - Ovo Vacuum","isPartOf":{"@id":"https:\/\/myovo.ca\/#website"},"primaryImageOfPage":{"@id":"https:\/\/myovo.ca\/fr\/produit\/ov-1009-hotte-de-cuisine-sous-cabinet-de-30-pouces-copy-2\/#primaryimage"},"image":{"@id":"https:\/\/myovo.ca\/fr\/produit\/ov-1009-hotte-de-cuisine-sous-cabinet-de-30-pouces-copy-2\/#primaryimage"},"thumbnailUrl":"https:\/\/i0.wp.com\/myovo.ca\/wp-content\/uploads\/2024\/12\/OV-1009-Main-scaled.jpg?fit=2560%2C2560&ssl=1","datePublished":"2024-12-20T14:45:30+00:00","dateModified":"2025-07-25T16:02:56+00:00","description":"Faites l\u2019exp\u00e9rience d\u2019une ventilation de cuisine de premier ordre avec notre hotte de cuisine canalis\u00e9e sous l\u2019armoire. Puissant, silencieux et \u00e9l\u00e9gant.","breadcrumb":{"@id":"https:\/\/myovo.ca\/fr\/produit\/ov-1009-hotte-de-cuisine-sous-cabinet-de-30-pouces-copy-2\/#breadcrumb"},"inLanguage":"fr-FR","potentialAction":[{"@type":"ReadAction","target":["https:\/\/myovo.ca\/fr\/produit\/ov-1009-hotte-de-cuisine-sous-cabinet-de-30-pouces-copy-2\/"]}]},{"@type":"ImageObject","inLanguage":"fr-FR","@id":"https:\/\/myovo.ca\/fr\/produit\/ov-1009-hotte-de-cuisine-sous-cabinet-de-30-pouces-copy-2\/#primaryimage","url":"https:\/\/i0.wp.com\/myovo.ca\/wp-content\/uploads\/2024\/12\/OV-1009-Main-scaled.jpg?fit=2560%2C2560&ssl=1","contentUrl":"https:\/\/i0.wp.com\/myovo.ca\/wp-content\/uploads\/2024\/12\/OV-1009-Main-scaled.jpg?fit=2560%2C2560&ssl=1","width":2560,"height":2560},{"@type":"BreadcrumbList","@id":"https:\/\/myovo.ca\/fr\/produit\/ov-1009-hotte-de-cuisine-sous-cabinet-de-30-pouces-copy-2\/#breadcrumb","itemListElement":[{"@type":"ListItem","position":1,"name":"Home","item":"https:\/\/myovo.ca\/fr\/"},{"@type":"ListItem","position":2,"name":"Shop","item":"https:\/\/myovo.ca\/fr\/magasiner-les-meilleurs-aspirateurs-centraux-au-canada\/"},{"@type":"ListItem","position":3,"name":"OV-1009 Hotte de cuisine sous cabinet de 30 pouces"}]},{"@type":"WebSite","@id":"https:\/\/myovo.ca\/#website","url":"https:\/\/myovo.ca\/","name":"OVO Central Vacuum","description":"","publisher":{"@id":"https:\/\/myovo.ca\/#organization"},"potentialAction":[{"@type":"SearchAction","target":{"@type":"EntryPoint","urlTemplate":"https:\/\/myovo.ca\/?s={search_term_string}"},"query-input":{"@type":"PropertyValueSpecification","valueRequired":true,"valueName":"search_term_string"}}],"inLanguage":"fr-FR"},{"@type":"Organization","@id":"https:\/\/myovo.ca\/#organization","name":"OVO Central Vacuum","url":"https:\/\/myovo.ca\/","logo":{"@type":"ImageObject","inLanguage":"fr-FR","@id":"https:\/\/myovo.ca\/#\/schema\/logo\/image\/","url":"https:\/\/i2.wp.com\/myovo.ca\/wp-content\/uploads\/2018\/04\/logo_ovo_p.png?fit=120%2C52&ssl=1","contentUrl":"https:\/\/i2.wp.com\/myovo.ca\/wp-content\/uploads\/2018\/04\/logo_ovo_p.png?fit=120%2C52&ssl=1","width":120,"height":52,"caption":"OVO Central Vacuum"},"image":{"@id":"https:\/\/myovo.ca\/#\/schema\/logo\/image\/"},"sameAs":["https:\/\/www.facebook.com\/nadairint\/"]}]}},"jetpack_publicize_connections":[],"jetpack_sharing_enabled":true,"_links":{"self":[{"href":"https:\/\/myovo.ca\/fr\/wp-json\/wp\/v2\/product\/22362","targetHints":{"allow":["GET"]}}],"collection":[{"href":"https:\/\/myovo.ca\/fr\/wp-json\/wp\/v2\/product"}],"about":[{"href":"https:\/\/myovo.ca\/fr\/wp-json\/wp\/v2\/types\/product"}],"replies":[{"embeddable":true,"href":"https:\/\/myovo.ca\/fr\/wp-json\/wp\/v2\/comments?post=22362"}],"wp:featuredmedia":[{"embeddable":true,"href":"https:\/\/myovo.ca\/fr\/wp-json\/wp\/v2\/media\/22467"}],"wp:attachment":[{"href":"https:\/\/myovo.ca\/fr\/wp-json\/wp\/v2\/media?parent=22362"}],"wp:term":[{"taxonomy":"product_brand","embeddable":true,"href":"https:\/\/myovo.ca\/fr\/wp-json\/wp\/v2\/product_brand?post=22362"},{"taxonomy":"product_cat","embeddable":true,"href":"https:\/\/myovo.ca\/fr\/wp-json\/wp\/v2\/product_cat?post=22362"},{"taxonomy":"product_tag","embeddable":true,"href":"https:\/\/myovo.ca\/fr\/wp-json\/wp\/v2\/product_tag?post=22362"}],"curies":[{"name":"wp","href":"https:\/\/api.w.org\/{rel}","templated":true}]}}