{"id":22902,"date":"2025-02-06T11:42:13","date_gmt":"2025-02-06T16:42:14","guid":{"rendered":"https:\/\/myovo.ca\/?post_type=product&#038;p=22902"},"modified":"2025-02-06T11:53:53","modified_gmt":"2025-02-06T16:53:53","slug":"filtre-en-aluminium-pour-hotte-compatible-avec-ov-1013-et-ov-1016-copy","status":"publish","type":"product","link":"https:\/\/myovo.ca\/fr\/produit\/filtre-en-aluminium-pour-hotte-compatible-avec-ov-1013-et-ov-1016-copy\/","title":{"rendered":"Filtre en Aluminium pour Hotte (Compatible avec OV-3001)"},"content":{"rendered":"<ul>\n<li><strong>Compatible<\/strong> : Ce filtre de rechange pour hotte convient au mod\u00e8le OVO OV-3001.<\/li>\n<li><strong>Solide et R\u00e9sistant<\/strong> : Filtre en aluminium haut de gamme \u00e0 5 couches \u2013 Son cadre en aluminium argent\u00e9 de haute qualit\u00e9 garantit une durabilit\u00e9 optimale. Mat\u00e9riau robuste r\u00e9sistant \u00e0 la torsion et aux fissures lors de l&rsquo;utilisation.<\/li>\n<li><strong>Facile \u00e0 Nettoyer<\/strong> : Les filtres en maille d&rsquo;aluminium avec loquets \u00e0 lib\u00e9ration rapide permettent un nettoyage facile, assurant une capture optimale de la graisse et une bonne ventilation de votre cuisine.<\/li>\n<li><strong>Installation Facile<\/strong> : Ce filtre de hotte est un remplacement direct, rendant l&rsquo;installation simple et rapide. Il ne faut qu&rsquo;une minute pour l&rsquo;installer.<\/li>\n<li><strong>Lot de 2<\/strong> : Chaque paquet contient 2 filtres de hotte pour plus de praticit\u00e9.<\/li>\n<\/ul>\n","protected":false},"excerpt":{"rendered":"<p>Compatible : Ce filtre de rechange pour hotte convient au mod\u00e8le OVO OV-3001. Solide et R\u00e9sistant : Filtre en aluminium haut de gamme \u00e0 5 couches \u2013 Son cadre en aluminium argent\u00e9 de haute qualit\u00e9 garantit une durabilit\u00e9 optimale. Mat\u00e9riau robuste r\u00e9sistant \u00e0 la torsion et aux fissures lors de l&rsquo;utilisation. Facile \u00e0 Nettoyer : Les  [&#8230;]<\/p>\n","protected":false},"featured_media":22904,"comment_status":"closed","ping_status":"closed","template":"","meta":{"_acf_changed":false,"jetpack_post_was_ever_published":false,"jetpack_publicize_message":"","jetpack_publicize_feature_enabled":true,"jetpack_social_post_already_shared":true,"jetpack_social_options":{"image_generator_settings":{"template":"highway","default_image_id":0,"font":"","enabled":false},"version":2}},"product_brand":[],"product_cat":[143,113],"product_tag":[],"class_list":{"0":"post-22902","1":"product","2":"type-product","3":"status-publish","4":"has-post-thumbnail","6":"product_cat-filtres-hottes","7":"product_cat-range-hood-fr","9":"first","10":"instock","11":"taxable","12":"shipping-taxable","13":"purchasable","14":"product-type-simple"},"acf":[],"yoast_head":"<!-- This site is optimized with the Yoast SEO plugin v26.8 - https:\/\/yoast.com\/product\/yoast-seo-wordpress\/ -->\n<title>Filtre en Aluminium pour Hotte (Compatible avec OV-3001) - Ovo Vacuum<\/title>\n<meta name=\"description\" content=\"Faites l&#039;exp\u00e9rience d&#039;une ventilation de cuisine ultime avec nos hottes de cuisine int\u00e9gr\u00e9es. Puissants, silencieux et \u00e9l\u00e9gants.\" \/>\n<meta name=\"robots\" content=\"index, follow, max-snippet:-1, max-image-preview:large, max-video-preview:-1\" \/>\n<link rel=\"canonical\" href=\"https:\/\/myovo.ca\/fr\/produit\/filtre-en-aluminium-pour-hotte-compatible-avec-ov-1013-et-ov-1016-copy\/\" \/>\n<meta property=\"og:locale\" content=\"fr_FR\" \/>\n<meta property=\"og:type\" content=\"article\" \/>\n<meta property=\"og:title\" content=\"Filtre en Aluminium pour Hotte (Compatible avec OV-3001) - Ovo Vacuum\" \/>\n<meta property=\"og:description\" content=\"Faites l&#039;exp\u00e9rience d&#039;une ventilation de cuisine ultime avec nos hottes de cuisine int\u00e9gr\u00e9es. Puissants, silencieux et \u00e9l\u00e9gants.\" \/>\n<meta property=\"og:url\" content=\"https:\/\/myovo.ca\/fr\/produit\/filtre-en-aluminium-pour-hotte-compatible-avec-ov-1013-et-ov-1016-copy\/\" \/>\n<meta property=\"og:site_name\" content=\"Ovo Vacuum\" \/>\n<meta property=\"article:publisher\" content=\"https:\/\/www.facebook.com\/nadairint\/\" \/>\n<meta property=\"article:modified_time\" content=\"2025-02-06T16:53:53+00:00\" \/>\n<meta property=\"og:image\" content=\"https:\/\/myovo.ca\/wp-content\/uploads\/2025\/02\/built-in-filter-copie.jpg\" \/>\n\t<meta property=\"og:image:width\" content=\"1000\" \/>\n\t<meta property=\"og:image:height\" content=\"1000\" \/>\n\t<meta property=\"og:image:type\" content=\"image\/jpeg\" \/>\n<meta name=\"twitter:card\" content=\"summary_large_image\" \/>\n<meta name=\"twitter:label1\" content=\"Dur\u00e9e de lecture estim\u00e9e\" \/>\n\t<meta name=\"twitter:data1\" content=\"1 minute\" \/>\n<script type=\"application\/ld+json\" class=\"yoast-schema-graph\">{\"@context\":\"https:\/\/schema.org\",\"@graph\":[{\"@type\":\"WebPage\",\"@id\":\"https:\/\/myovo.ca\/fr\/produit\/filtre-en-aluminium-pour-hotte-compatible-avec-ov-1013-et-ov-1016-copy\/\",\"url\":\"https:\/\/myovo.ca\/fr\/produit\/filtre-en-aluminium-pour-hotte-compatible-avec-ov-1013-et-ov-1016-copy\/\",\"name\":\"Filtre en Aluminium pour Hotte (Compatible avec OV-3001) - Ovo Vacuum\",\"isPartOf\":{\"@id\":\"https:\/\/myovo.ca\/#website\"},\"primaryImageOfPage\":{\"@id\":\"https:\/\/myovo.ca\/fr\/produit\/filtre-en-aluminium-pour-hotte-compatible-avec-ov-1013-et-ov-1016-copy\/#primaryimage\"},\"image\":{\"@id\":\"https:\/\/myovo.ca\/fr\/produit\/filtre-en-aluminium-pour-hotte-compatible-avec-ov-1013-et-ov-1016-copy\/#primaryimage\"},\"thumbnailUrl\":\"https:\/\/i0.wp.com\/myovo.ca\/wp-content\/uploads\/2025\/02\/built-in-filter-copie.jpg?fit=1000%2C1000&ssl=1\",\"datePublished\":\"2025-02-06T16:42:14+00:00\",\"dateModified\":\"2025-02-06T16:53:53+00:00\",\"description\":\"Faites l'exp\u00e9rience d'une ventilation de cuisine ultime avec nos hottes de cuisine int\u00e9gr\u00e9es. Puissants, silencieux et \u00e9l\u00e9gants.\",\"breadcrumb\":{\"@id\":\"https:\/\/myovo.ca\/fr\/produit\/filtre-en-aluminium-pour-hotte-compatible-avec-ov-1013-et-ov-1016-copy\/#breadcrumb\"},\"inLanguage\":\"fr-FR\",\"potentialAction\":[{\"@type\":\"ReadAction\",\"target\":[\"https:\/\/myovo.ca\/fr\/produit\/filtre-en-aluminium-pour-hotte-compatible-avec-ov-1013-et-ov-1016-copy\/\"]}]},{\"@type\":\"ImageObject\",\"inLanguage\":\"fr-FR\",\"@id\":\"https:\/\/myovo.ca\/fr\/produit\/filtre-en-aluminium-pour-hotte-compatible-avec-ov-1013-et-ov-1016-copy\/#primaryimage\",\"url\":\"https:\/\/i0.wp.com\/myovo.ca\/wp-content\/uploads\/2025\/02\/built-in-filter-copie.jpg?fit=1000%2C1000&ssl=1\",\"contentUrl\":\"https:\/\/i0.wp.com\/myovo.ca\/wp-content\/uploads\/2025\/02\/built-in-filter-copie.jpg?fit=1000%2C1000&ssl=1\",\"width\":1000,\"height\":1000},{\"@type\":\"BreadcrumbList\",\"@id\":\"https:\/\/myovo.ca\/fr\/produit\/filtre-en-aluminium-pour-hotte-compatible-avec-ov-1013-et-ov-1016-copy\/#breadcrumb\",\"itemListElement\":[{\"@type\":\"ListItem\",\"position\":1,\"name\":\"Home\",\"item\":\"https:\/\/myovo.ca\/fr\/\"},{\"@type\":\"ListItem\",\"position\":2,\"name\":\"Shop\",\"item\":\"https:\/\/myovo.ca\/fr\/magasiner-les-meilleurs-aspirateurs-centraux-au-canada\/\"},{\"@type\":\"ListItem\",\"position\":3,\"name\":\"Filtre en Aluminium pour Hotte (Compatible avec OV-3001)\"}]},{\"@type\":\"WebSite\",\"@id\":\"https:\/\/myovo.ca\/#website\",\"url\":\"https:\/\/myovo.ca\/\",\"name\":\"OVO Central Vacuum\",\"description\":\"\",\"publisher\":{\"@id\":\"https:\/\/myovo.ca\/#organization\"},\"potentialAction\":[{\"@type\":\"SearchAction\",\"target\":{\"@type\":\"EntryPoint\",\"urlTemplate\":\"https:\/\/myovo.ca\/?s={search_term_string}\"},\"query-input\":{\"@type\":\"PropertyValueSpecification\",\"valueRequired\":true,\"valueName\":\"search_term_string\"}}],\"inLanguage\":\"fr-FR\"},{\"@type\":\"Organization\",\"@id\":\"https:\/\/myovo.ca\/#organization\",\"name\":\"OVO Central Vacuum\",\"url\":\"https:\/\/myovo.ca\/\",\"logo\":{\"@type\":\"ImageObject\",\"inLanguage\":\"fr-FR\",\"@id\":\"https:\/\/myovo.ca\/#\/schema\/logo\/image\/\",\"url\":\"https:\/\/i2.wp.com\/myovo.ca\/wp-content\/uploads\/2018\/04\/logo_ovo_p.png?fit=120%2C52&ssl=1\",\"contentUrl\":\"https:\/\/i2.wp.com\/myovo.ca\/wp-content\/uploads\/2018\/04\/logo_ovo_p.png?fit=120%2C52&ssl=1\",\"width\":120,\"height\":52,\"caption\":\"OVO Central Vacuum\"},\"image\":{\"@id\":\"https:\/\/myovo.ca\/#\/schema\/logo\/image\/\"},\"sameAs\":[\"https:\/\/www.facebook.com\/nadairint\/\"]}]}<\/script>\n<!-- \/ Yoast SEO plugin. -->","yoast_head_json":{"title":"Filtre en Aluminium pour Hotte (Compatible avec OV-3001) - Ovo Vacuum","description":"Faites l'exp\u00e9rience d'une ventilation de cuisine ultime avec nos hottes de cuisine int\u00e9gr\u00e9es. Puissants, silencieux et \u00e9l\u00e9gants.","robots":{"index":"index","follow":"follow","max-snippet":"max-snippet:-1","max-image-preview":"max-image-preview:large","max-video-preview":"max-video-preview:-1"},"canonical":"https:\/\/myovo.ca\/fr\/produit\/filtre-en-aluminium-pour-hotte-compatible-avec-ov-1013-et-ov-1016-copy\/","og_locale":"fr_FR","og_type":"article","og_title":"Filtre en Aluminium pour Hotte (Compatible avec OV-3001) - Ovo Vacuum","og_description":"Faites l'exp\u00e9rience d'une ventilation de cuisine ultime avec nos hottes de cuisine int\u00e9gr\u00e9es. Puissants, silencieux et \u00e9l\u00e9gants.","og_url":"https:\/\/myovo.ca\/fr\/produit\/filtre-en-aluminium-pour-hotte-compatible-avec-ov-1013-et-ov-1016-copy\/","og_site_name":"Ovo Vacuum","article_publisher":"https:\/\/www.facebook.com\/nadairint\/","article_modified_time":"2025-02-06T16:53:53+00:00","og_image":[{"width":1000,"height":1000,"url":"https:\/\/myovo.ca\/wp-content\/uploads\/2025\/02\/built-in-filter-copie.jpg","type":"image\/jpeg"}],"twitter_card":"summary_large_image","twitter_misc":{"Dur\u00e9e de lecture estim\u00e9e":"1 minute"},"schema":{"@context":"https:\/\/schema.org","@graph":[{"@type":"WebPage","@id":"https:\/\/myovo.ca\/fr\/produit\/filtre-en-aluminium-pour-hotte-compatible-avec-ov-1013-et-ov-1016-copy\/","url":"https:\/\/myovo.ca\/fr\/produit\/filtre-en-aluminium-pour-hotte-compatible-avec-ov-1013-et-ov-1016-copy\/","name":"Filtre en Aluminium pour Hotte (Compatible avec OV-3001) - Ovo Vacuum","isPartOf":{"@id":"https:\/\/myovo.ca\/#website"},"primaryImageOfPage":{"@id":"https:\/\/myovo.ca\/fr\/produit\/filtre-en-aluminium-pour-hotte-compatible-avec-ov-1013-et-ov-1016-copy\/#primaryimage"},"image":{"@id":"https:\/\/myovo.ca\/fr\/produit\/filtre-en-aluminium-pour-hotte-compatible-avec-ov-1013-et-ov-1016-copy\/#primaryimage"},"thumbnailUrl":"https:\/\/i0.wp.com\/myovo.ca\/wp-content\/uploads\/2025\/02\/built-in-filter-copie.jpg?fit=1000%2C1000&ssl=1","datePublished":"2025-02-06T16:42:14+00:00","dateModified":"2025-02-06T16:53:53+00:00","description":"Faites l'exp\u00e9rience d'une ventilation de cuisine ultime avec nos hottes de cuisine int\u00e9gr\u00e9es. Puissants, silencieux et \u00e9l\u00e9gants.","breadcrumb":{"@id":"https:\/\/myovo.ca\/fr\/produit\/filtre-en-aluminium-pour-hotte-compatible-avec-ov-1013-et-ov-1016-copy\/#breadcrumb"},"inLanguage":"fr-FR","potentialAction":[{"@type":"ReadAction","target":["https:\/\/myovo.ca\/fr\/produit\/filtre-en-aluminium-pour-hotte-compatible-avec-ov-1013-et-ov-1016-copy\/"]}]},{"@type":"ImageObject","inLanguage":"fr-FR","@id":"https:\/\/myovo.ca\/fr\/produit\/filtre-en-aluminium-pour-hotte-compatible-avec-ov-1013-et-ov-1016-copy\/#primaryimage","url":"https:\/\/i0.wp.com\/myovo.ca\/wp-content\/uploads\/2025\/02\/built-in-filter-copie.jpg?fit=1000%2C1000&ssl=1","contentUrl":"https:\/\/i0.wp.com\/myovo.ca\/wp-content\/uploads\/2025\/02\/built-in-filter-copie.jpg?fit=1000%2C1000&ssl=1","width":1000,"height":1000},{"@type":"BreadcrumbList","@id":"https:\/\/myovo.ca\/fr\/produit\/filtre-en-aluminium-pour-hotte-compatible-avec-ov-1013-et-ov-1016-copy\/#breadcrumb","itemListElement":[{"@type":"ListItem","position":1,"name":"Home","item":"https:\/\/myovo.ca\/fr\/"},{"@type":"ListItem","position":2,"name":"Shop","item":"https:\/\/myovo.ca\/fr\/magasiner-les-meilleurs-aspirateurs-centraux-au-canada\/"},{"@type":"ListItem","position":3,"name":"Filtre en Aluminium pour Hotte (Compatible avec OV-3001)"}]},{"@type":"WebSite","@id":"https:\/\/myovo.ca\/#website","url":"https:\/\/myovo.ca\/","name":"OVO Central Vacuum","description":"","publisher":{"@id":"https:\/\/myovo.ca\/#organization"},"potentialAction":[{"@type":"SearchAction","target":{"@type":"EntryPoint","urlTemplate":"https:\/\/myovo.ca\/?s={search_term_string}"},"query-input":{"@type":"PropertyValueSpecification","valueRequired":true,"valueName":"search_term_string"}}],"inLanguage":"fr-FR"},{"@type":"Organization","@id":"https:\/\/myovo.ca\/#organization","name":"OVO Central Vacuum","url":"https:\/\/myovo.ca\/","logo":{"@type":"ImageObject","inLanguage":"fr-FR","@id":"https:\/\/myovo.ca\/#\/schema\/logo\/image\/","url":"https:\/\/i2.wp.com\/myovo.ca\/wp-content\/uploads\/2018\/04\/logo_ovo_p.png?fit=120%2C52&ssl=1","contentUrl":"https:\/\/i2.wp.com\/myovo.ca\/wp-content\/uploads\/2018\/04\/logo_ovo_p.png?fit=120%2C52&ssl=1","width":120,"height":52,"caption":"OVO Central Vacuum"},"image":{"@id":"https:\/\/myovo.ca\/#\/schema\/logo\/image\/"},"sameAs":["https:\/\/www.facebook.com\/nadairint\/"]}]}},"jetpack_publicize_connections":[],"jetpack_sharing_enabled":true,"_links":{"self":[{"href":"https:\/\/myovo.ca\/fr\/wp-json\/wp\/v2\/product\/22902","targetHints":{"allow":["GET"]}}],"collection":[{"href":"https:\/\/myovo.ca\/fr\/wp-json\/wp\/v2\/product"}],"about":[{"href":"https:\/\/myovo.ca\/fr\/wp-json\/wp\/v2\/types\/product"}],"replies":[{"embeddable":true,"href":"https:\/\/myovo.ca\/fr\/wp-json\/wp\/v2\/comments?post=22902"}],"wp:featuredmedia":[{"embeddable":true,"href":"https:\/\/myovo.ca\/fr\/wp-json\/wp\/v2\/media\/22904"}],"wp:attachment":[{"href":"https:\/\/myovo.ca\/fr\/wp-json\/wp\/v2\/media?parent=22902"}],"wp:term":[{"taxonomy":"product_brand","embeddable":true,"href":"https:\/\/myovo.ca\/fr\/wp-json\/wp\/v2\/product_brand?post=22902"},{"taxonomy":"product_cat","embeddable":true,"href":"https:\/\/myovo.ca\/fr\/wp-json\/wp\/v2\/product_cat?post=22902"},{"taxonomy":"product_tag","embeddable":true,"href":"https:\/\/myovo.ca\/fr\/wp-json\/wp\/v2\/product_tag?post=22902"}],"curies":[{"name":"wp","href":"https:\/\/api.w.org\/{rel}","templated":true}]}}